 {"id":986,"date":"2013-08-24T23:40:46","date_gmt":"2013-08-24T21:40:46","guid":{"rendered":"http:\/\/games.yonjuni.se\/?page_id=986"},"modified":"2015-03-28T16:00:58","modified_gmt":"2015-03-28T15:00:58","slug":"bradspel","status":"publish","type":"page","link":"http:\/\/games.yonjuni.se\/sv\/bradspel\/","title":{"rendered":"Spel"},"content":{"rendered":"<p>Hittills har vi inte gett ut mer \u00e4n ett spel (DubbelYatzy), och ett till \u00e4r p\u00e5 g\u00e5ng (The Ogels: Building a Tower). Fram\u00f6ver kommer vi presentera spel under utveckling p\u00e5 denna sida.<\/p>\n<div style=\"clear: both;\"><a href=\"http:\/\/games.yonjuni.se\/wordpress\/wp-content\/uploads\/2013\/07\/Dubbelyatzy-front.png\"><img loading=\"lazy\" class=\"alignnone size-full wp-image-493\" alt=\"Dubbelyatzy-front\" src=\"http:\/\/games.yonjuni.se\/wordpress\/wp-content\/uploads\/2013\/07\/Dubbelyatzy-front.png\" width=\"53\" height=\"74\" \/><\/a><a title=\"DubbelYatzy\" href=\"http:\/\/games.yonjuni.se\/dubbelyatzy\/\">DubbelYatzy<\/a><\/div>\n<div style=\"clear: both;\"><a href=\"http:\/\/games.yonjuni.se\/wordpress\/wp-content\/uploads\/2013\/07\/legotornet.jpg\"><img loading=\"lazy\" class=\"alignnone size-full wp-image-498\" alt=\"legotornet\" src=\"http:\/\/games.yonjuni.se\/wordpress\/wp-content\/uploads\/2013\/07\/legotornet.jpg\" width=\"53\" height=\"80\" \/><\/a><a title=\"The Ogels: Building a Tower\" href=\"http:\/\/games.yonjuni.se\/sv\/bradspel\/en\/bradspel\/the-ogels-building-a-tower\/\/\">The Ogels: Building a Tower<\/a><\/div>\n","protected":false},"excerpt":{"rendered":"<p>Hittills har vi inte gett ut mer \u00e4n ett spel (DubbelYatzy), och ett till \u00e4r p\u00e5 g\u00e5ng (The Ogels: Building a Tower). Fram\u00f6ver kommer vi presentera spel under utveckling p\u00e5 denna sida. DubbelYatzy The Ogels: Building a Tower<\/p>\n","protected":false},"author":1,"featured_media":0,"parent":0,"menu_order":0,"comment_status":"closed","ping_status":"open","template":"fullwidth.php","meta":[],"jetpack_shortlink":"https:\/\/wp.me\/P3MIRQ-fU","jetpack_sharing_enabled":false,"_links":{"self":[{"href":"http:\/\/games.yonjuni.se\/sv\/wp-json\/wp\/v2\/pages\/986"}],"collection":[{"href":"http:\/\/games.yonjuni.se\/sv\/wp-json\/wp\/v2\/pages"}],"about":[{"href":"http:\/\/games.yonjuni.se\/sv\/wp-json\/wp\/v2\/types\/page"}],"author":[{"embeddable":true,"href":"http:\/\/games.yonjuni.se\/sv\/wp-json\/wp\/v2\/users\/1"}],"replies":[{"embeddable":true,"href":"http:\/\/games.yonjuni.se\/sv\/wp-json\/wp\/v2\/comments?post=986"}],"version-history":[{"count":13,"href":"http:\/\/games.yonjuni.se\/sv\/wp-json\/wp\/v2\/pages\/986\/revisions"}],"predecessor-version":[{"id":1302,"href":"http:\/\/games.yonjuni.se\/sv\/wp-json\/wp\/v2\/pages\/986\/revisions\/1302"}],"wp:attachment":[{"href":"http:\/\/games.yonjuni.se\/sv\/wp-json\/wp\/v2\/media?parent=986"}],"curies":[{"name":"wp","href":"https:\/\/api.w.org\/{rel}","templated":true}]}}