 {"id":91,"date":"2013-07-14T12:38:01","date_gmt":"2013-07-14T10:38:01","guid":{"rendered":"http:\/\/games.yonjuni.se\/?page_id=91"},"modified":"2020-02-14T13:20:08","modified_gmt":"2020-02-14T12:20:08","slug":"about","status":"publish","type":"page","link":"http:\/\/games.yonjuni.se\/sv\/about\/","title":{"rendered":"Om oss"},"content":{"rendered":"<p><img loading=\"lazy\" class=\"alignleft size-full wp-image-389\" src=\"http:\/\/games.yonjuni.se\/wordpress\/wp-content\/uploads\/2013\/07\/YonjuniLogga-liten.png\" alt=\"YonjuniLogga-liten\" width=\"118\" height=\"118\" \/><\/p>\n<p>Rubriken \u00e4r lite missvisande eftersom yonjuni games \u00e4r ett enmansf\u00f6retag s\u00e5 det borde st\u00e5 &#8221;om mig&#8221;. M\u00e5ls\u00e4ttningen \u00e4r att ge ut egendesignade spel. Egentligen \u00e4r spelutgivning bara en del av enmansf\u00f6retaget Yonjuni Musik &amp; Data som \u00e4r mitt allt-i-ett hobbyf\u00f6retag. Som huvudnamnet<br \/>\nhintar s\u00e5 \u00e4r andra delar av min verksamhet DiskJockey och datorleverant\u00f6r. Med det senare \u00e4r vad jag b\u00f6rjade i mitten p\u00e5 90-talet med min bror och en kompis; vi byggde och s\u00e5lde<br \/>\nPC till hemanv\u00e4ndare. Vi blev snabbt utkonkurrerade av stora internetf\u00f6retag och n\u00e4r min bror och kompisen hoppade av tog jag \u00f6ver namnet Yonjuni och startade enskild firma.<br \/>\nNumera \u00e4r datorverksamheten och DJ-verksamheten i princip nedlagda.<\/p>\n<p>Yonjuni \u00e4r japanska och betyder 42, du ser de japanska tecknen i min logga.<br \/>\nMin bror och hans kompis var stora fans av Douglas Adams &#8221;Liftarens Guide till Galaxen&#8221; s\u00e5 42 \u00e4r allts\u00e5 svaret p\u00e5 fr\u00e5gan om livet, universum och allting. Varf\u00f6r det blev p\u00e5 japanska vet jag inte, kanske f\u00f6r att japanska skrivtecken \u00e4r snygga. Jag forts\u00e4tter att anv\u00e4nda namnet mest f\u00f6r att jag \u00e4r konservativ och inte vill \u00e4ndra p\u00e5 ett namn som har h\u00e4ngt med i \u00f6ver 20 \u00e5r. Ut\u00f6ver speldesign sysslar jag \u00e4ven med finsnickeri d\u00e4r jag bla g\u00f6r tillbeh\u00f6r till spel, vilket ni kan se bilder p\u00e5 <a title=\"Snickeri\" href=\"http:\/\/games.yonjuni.se\/snickeri\/\">h\u00e4r<\/a>.<br \/>\n<\/a><br \/>\nHar du n\u00e5gra fr\u00e5gor, id\u00e9er eller f\u00f6rslag? <a href=\"mailto:\/\/info@yonjuni.se\" target=\"_blank\" rel=\"noopener noreferrer\">Kontakta oss!<\/a><br \/>\n<a href=\"http:\/\/info.flagcounter.com\/9P8r\"><br \/>\n<img class=\"alignnone size-full wp-image-340\" src=\"http:\/\/s09.flagcounter.com\/count\/9P8r\/bg_FFFFFF\/txt_000000\/border_CCCCCC\/columns_8\/maxflags_100\/viewers_0\/labels_1\/pageviews_1\/flags_1\/\" alt=\"Flag Counter\" \/><\/a><\/p>\n","protected":false},"excerpt":{"rendered":"<p>Rubriken \u00e4r lite missvisande eftersom yonjuni games \u00e4r ett enmansf\u00f6retag s\u00e5 det borde st\u00e5 &#8221;om mig&#8221;. M\u00e5ls\u00e4ttningen \u00e4r att ge ut egendesignade spel. Egentligen \u00e4r spelutgivning bara en del av enmansf\u00f6retaget Yonjuni Musik &amp; Data som \u00e4r mitt allt-i-ett hobbyf\u00f6retag. Som huvudnamnet hintar s\u00e5 \u00e4r andra delar av min verksamhet<a href=\"http:\/\/games.yonjuni.se\/sv\/about\/\" class=\"read-more\">Read the Rest&#8230;<\/a><\/p>\n","protected":false},"author":1,"featured_media":0,"parent":0,"menu_order":0,"comment_status":"closed","ping_status":"closed","template":"fullwidth.php","meta":[],"jetpack_shortlink":"https:\/\/wp.me\/P3MIRQ-1t","jetpack_sharing_enabled":false,"_links":{"self":[{"href":"http:\/\/games.yonjuni.se\/sv\/wp-json\/wp\/v2\/pages\/91"}],"collection":[{"href":"http:\/\/games.yonjuni.se\/sv\/wp-json\/wp\/v2\/pages"}],"about":[{"href":"http:\/\/games.yonjuni.se\/sv\/wp-json\/wp\/v2\/types\/page"}],"author":[{"embeddable":true,"href":"http:\/\/games.yonjuni.se\/sv\/wp-json\/wp\/v2\/users\/1"}],"replies":[{"embeddable":true,"href":"http:\/\/games.yonjuni.se\/sv\/wp-json\/wp\/v2\/comments?post=91"}],"version-history":[{"count":125,"href":"http:\/\/games.yonjuni.se\/sv\/wp-json\/wp\/v2\/pages\/91\/revisions"}],"predecessor-version":[{"id":1499,"href":"http:\/\/games.yonjuni.se\/sv\/wp-json\/wp\/v2\/pages\/91\/revisions\/1499"}],"wp:attachment":[{"href":"http:\/\/games.yonjuni.se\/sv\/wp-json\/wp\/v2\/media?parent=91"}],"curies":[{"name":"wp","href":"https:\/\/api.w.org\/{rel}","templated":true}]}}