 {"id":82,"date":"2013-07-14T11:40:53","date_gmt":"2013-07-14T11:40:53","guid":{"rendered":"http:\/\/games.yonjuni.se\/?page_id=82"},"modified":"2022-08-14T15:27:13","modified_gmt":"2022-08-14T13:27:13","slug":"dubbelyatzy","status":"publish","type":"page","link":"http:\/\/games.yonjuni.se\/sv\/dubbelyatzy\/","title":{"rendered":"DubbelYatzy"},"content":{"rendered":"<p><a href=\"http:\/\/games.yonjuni.se\/wordpress\/wp-content\/uploads\/2013\/07\/Dubbelyatzy-front.png\"><img loading=\"lazy\" src=\"http:\/\/games.yonjuni.se\/wordpress\/wp-content\/uploads\/2013\/07\/Dubbelyatzy-front.png\" alt=\"DubbelYatzy\" width=\"252\" height=\"175\" class=\"alignleft size-full wp-image-493\" \/><\/a><\/p>\n<p>DubbelYatzy \u00e4r baserat p\u00e5 det klassiska spelet Yatzy. Den stora skillnaden \u00e4r att man ist\u00e4llet f\u00f6r vanliga sexsidiga t\u00e4rningar anv\u00e4nder dubbla t\u00e4rningar, dvs i varje stor genomskinlig t\u00e4rning \u00e4r en mindre t\u00e4rning. Du har sex dubbelt\u00e4rningar och ska f\u00e5 en Yatzykombination med vardera de yttre t\u00e4rningarna och de inre t\u00e4rningarna. Som i vanlig Yatzy r\u00e4knar du bara fem av vardera. Varje g\u00e5ng det \u00e4r din tur f\u00f6r du allts\u00e5 in tv\u00e5 olika resultat i Yatzyprotokollet.<\/p>\n<div style=\"clear: both;\">\n<div style=\"clear: both; font-size:150%;margin-bottom:10px;\">Spelet g\u00e5r nu att k\u00f6pa i butiken <a href=\"https:\/\/dragonslair.se\/product\/40562\/dubbelyatzy\" target=\"_blank\" rel=\"noopener noreferrer\">Dragons Lair<\/a> eller p\u00e5 <a href=\"https:\/\/alphaspel.se\/search\/?query=dubbelyatzy\"_blank\" rel=\"noopener noreferrer\">Alphaspel<\/a>. B\u00e5da har b\u00e5de butik i Stockholm och n\u00e4tbutik. Nu \u00e4ven p\u00e5 <a href=\"http:\/\/www.worldofboardgames.se\/dubbelyatzy\" target=\"_blank\" rel=\"noopener noreferrer\">World of Boardgames<\/a>, online eller i butik i Ume\u00e5, <a href=\"https:\/\/www.gamemaniacs.se\/product.html\/dubbelyatzy-\/-dice-in-dice-yatzy-\/-doppelyatzy-rules-in-swe-eng-ger\" target=\"_blank\" rel=\"noopener noreferrer\">Gamemaniacs<\/a>, online eller i butik i Lidk\u00f6ping and <a href=\"https:\/\/datadoktorn.org\/produkt\/dubbelyatzy-dice-in-dice-yatzy-sv-en-de\/\" target=\"_blank\" rel=\"noopener noreferrer\">Datadoktorn<\/a> online.<\/div>\n<p>Om du inte bor i Stockholm, <a href=\"mailto:info@yonjuni.se?subject=Order DubbelYatzy\" target=\"_blank\" rel=\"noopener noreferrer\">kontakta oss<\/a> s\u00e5 skickar vi ett exemplar. Spelet kostar 115:- plus frakt p\u00e5 54:-. <\/p>\n<p>Butiker och grossister v\u00e4nligen <a href=\"mailto:info@yonjuni.se?subject=Wholesale DubbelYatzy\" target=\"_blank\" rel=\"noopener noreferrer\">kontakta oss<\/a> f\u00f6r grossistpriser. <\/p>\n<p>Spelet finns ocks\u00e5 upplagt p\u00e5 <a href=\"http:\/\/boardgamegeek.com\/boardgame\/146227\/dubbelyatzy\" title=\"DubbelYatzy p\u00e5 BGG.\" target=\"_blank\" rel=\"noopener noreferrer\">Boardgamegeek.com<\/a>.<\/p>\n<div style=\"clear: both;\"><a href=\"http:\/\/games.yonjuni.se\/wordpress\/wp-content\/uploads\/2013\/09\/regler-ger.pdf\"><img loading=\"lazy\" class=\"alignnone wp-smiley\" alt=\"tysk-02\" src=\"http:\/\/games.yonjuni.se\/wordpress\/wp-content\/uploads\/2013\/07\/tyskland-02.png\" width=\"30\" height=\"30\" \/>Deutsche regeln.<\/a> \u00dcbersetzt von Michaela Ryd\u00e9n und Ludwig Seitz. <a href=\"http:\/\/games.yonjuni.se\/wordpress\/wp-content\/uploads\/2013\/08\/Scorepad-Tysk.pdf\">Blatt zum notieren der Punkte.<\/a><\/div>\n<div style=\"clear: both;\"><a href=\"http:\/\/games.yonjuni.se\/wordpress\/wp-content\/uploads\/2013\/09\/regler-eng.pdf\"><img loading=\"lazy\" class=\"alignnone  wp-smiley\" alt=\"engelsk-02\" src=\"http:\/\/games.yonjuni.se\/wordpress\/wp-content\/uploads\/2013\/07\/engelsk-02.png\" width=\"30\" height=\"30\" \/>English rules.<\/a> Translated by Per Landberger and Ken Mack.<a href=\"http:\/\/games.yonjuni.se\/wordpress\/wp-content\/uploads\/2013\/08\/Scorepad-Eng.pdf\"> Score sheet.<\/a><\/div>\n<div style=\"clear: both;\"><a href=\"http:\/\/games.yonjuni.se\/wordpress\/wp-content\/uploads\/2013\/10\/regler-fra.pdf\"><img loading=\"lazy\" class=\"alignnone  wp-smiley\" alt=\"fransk-02\" src=\"http:\/\/games.yonjuni.se\/wordpress\/wp-content\/uploads\/2013\/09\/fransk-02.png\" width=\"30\" height=\"30\" \/>R\u00e8gles Fran\u00e7aises. <\/a> Traduites par St\u00e9phane Athimon et Natacha Athimon-Constant.<a href=\"http:\/\/games.yonjuni.se\/wordpress\/wp-content\/uploads\/2013\/10\/Scorepad-Fra.pdf\"> Feuille de score.<\/a><\/div>\n<div style=\"clear: both;\"><a href=\"http:\/\/games.yonjuni.se\/wordpress\/wp-content\/uploads\/2013\/09\/regler-hol.pdf\"><img loading=\"lazy\" class=\"alignnone  wp-smiley\" alt=\"hollandsk-02\" src=\"http:\/\/games.yonjuni.se\/wordpress\/wp-content\/uploads\/2013\/09\/hollandsk-02.png\" width=\"30\" height=\"30\" \/>Nederlandse vertaling<\/a> door Alwin Derijck en Roger Wolf.<a href=\"http:\/\/games.yonjuni.se\/wordpress\/wp-content\/uploads\/2013\/09\/Scorepad-Hol.pdf\"> Scoreformulier.<\/a><\/div>\n<div style=\"clear: both;\"><a href=\"http:\/\/games.yonjuni.se\/wordpress\/wp-content\/uploads\/2013\/10\/regler-jap.pdf\"><img loading=\"lazy\" class=\"alignnone  wp-smiley\" alt=\"japansk-02\" src=\"http:\/\/games.yonjuni.se\/wordpress\/wp-content\/uploads\/2013\/09\/japansk-02.png\" width=\"30\" height=\"30\" \/>\u65e5\u672c\u8a9e\u7248\u30eb\u30fc\u30eb<\/a> \u7ffb\u8a33\uff1a\u3051\u3093\u3051\u3093<a href=\"http:\/\/games.yonjuni.se\/wordpress\/wp-content\/uploads\/2013\/10\/Scorepad-Jp.pdf\"> \u5f97\u70b9\u8868<\/a><\/div>\n<div style=\"clear: both;\"><a href=\"http:\/\/games.yonjuni.se\/wordpress\/wp-content\/uploads\/2013\/08\/Regler-Rysk.pdf\"><img loading=\"lazy\" class=\"alignnone  wp-smiley\" alt=\"rysk-02\" src=\"http:\/\/games.yonjuni.se\/wordpress\/wp-content\/uploads\/2013\/08\/rysk-02.png\" width=\"30\" height=\"30\" \/><\/a><a href=\"http:\/\/games.yonjuni.se\/wordpress\/wp-content\/uploads\/2013\/08\/Regler-Rysk.pdf\">\u041f\u0440\u0430\u0432\u0438\u043b\u0430 \u043f\u043e-\u0440\u0443\u0441\u0441\u043a\u0438.<\/a> \u041f\u0435\u0440\u0435\u0432\u043e\u0434 \u0428\u0430\u043f\u043e\u0432\u0430\u043b\u043e\u0432\u043e\u0439 \u0412\u0430\u043b\u0435\u043d\u0442\u0438\u043d\u044b.<a href=\"http:\/\/games.yonjuni.se\/wordpress\/wp-content\/uploads\/2013\/08\/Scorepad-Rysk.pdf\"> \u0421\u0447\u0435\u0442\u043d\u0430\u044f \u0442\u0430\u0431\u043b\u0438\u0446\u0430.<\/a><\/div>\n<div style=\"clear: both;\"><a href=\"http:\/\/games.yonjuni.se\/wordpress\/wp-content\/uploads\/2013\/09\/regler-swe.pdf\"><img loading=\"lazy\" class=\"alignnone  wp-smiley\" alt=\"sverige-02\" src=\"http:\/\/games.yonjuni.se\/wordpress\/wp-content\/uploads\/2013\/07\/sverige-02.png\" width=\"30\" height=\"30\" \/><\/a><a href=\"http:\/\/games.yonjuni.se\/wordpress\/wp-content\/uploads\/2013\/09\/regler-swe.pdf\">Svenska Regler<\/a> av Per Landberger.<a href=\"http:\/\/games.yonjuni.se\/wordpress\/wp-content\/uploads\/2013\/08\/Scorepad-Sv.pdf\"> Po\u00e4ngblad.<\/a><\/div>\n","protected":false},"excerpt":{"rendered":"<p>DubbelYatzy \u00e4r baserat p\u00e5 det klassiska spelet Yatzy. Den stora skillnaden \u00e4r att man ist\u00e4llet f\u00f6r vanliga sexsidiga t\u00e4rningar anv\u00e4nder dubbla t\u00e4rningar, dvs i varje stor genomskinlig t\u00e4rning \u00e4r en mindre t\u00e4rning. Du har sex dubbelt\u00e4rningar och ska f\u00e5 en Yatzykombination med vardera de yttre t\u00e4rningarna och de inre t\u00e4rningarna.<a href=\"http:\/\/games.yonjuni.se\/sv\/dubbelyatzy\/\" class=\"read-more\">Read the Rest&#8230;<\/a><\/p>\n","protected":false},"author":1,"featured_media":0,"parent":986,"menu_order":0,"comment_status":"closed","ping_status":"closed","template":"fullwidth.php","meta":[],"jetpack_shortlink":"https:\/\/wp.me\/P3MIRQ-1k","jetpack_sharing_enabled":false,"_links":{"self":[{"href":"http:\/\/games.yonjuni.se\/sv\/wp-json\/wp\/v2\/pages\/82"}],"collection":[{"href":"http:\/\/games.yonjuni.se\/sv\/wp-json\/wp\/v2\/pages"}],"about":[{"href":"http:\/\/games.yonjuni.se\/sv\/wp-json\/wp\/v2\/types\/page"}],"author":[{"embeddable":true,"href":"http:\/\/games.yonjuni.se\/sv\/wp-json\/wp\/v2\/users\/1"}],"replies":[{"embeddable":true,"href":"http:\/\/games.yonjuni.se\/sv\/wp-json\/wp\/v2\/comments?post=82"}],"version-history":[{"count":240,"href":"http:\/\/games.yonjuni.se\/sv\/wp-json\/wp\/v2\/pages\/82\/revisions"}],"predecessor-version":[{"id":87,"href":"http:\/\/games.yonjuni.se\/sv\/wp-json\/wp\/v2\/pages\/82\/revisions\/87"}],"up":[{"embeddable":true,"href":"http:\/\/games.yonjuni.se\/sv\/wp-json\/wp\/v2\/pages\/986"}],"wp:attachment":[{"href":"http:\/\/games.yonjuni.se\/sv\/wp-json\/wp\/v2\/media?parent=82"}],"curies":[{"name":"wp","href":"https:\/\/api.w.org\/{rel}","templated":true}]}}