 {"id":757,"date":"2013-08-08T10:02:06","date_gmt":"2013-08-08T10:02:06","guid":{"rendered":"http:\/\/games.yonjuni.se\/?page_id=757"},"modified":"2013-10-17T10:37:37","modified_gmt":"2013-10-17T08:37:37","slug":"kortlada","status":"publish","type":"page","link":"http:\/\/games.yonjuni.se\/sv\/snickeri\/kortlada\/","title":{"rendered":"Kortl\u00e5da"},"content":{"rendered":"<p><a href=\"http:\/\/games.yonjuni.se\/wordpress\/wp-content\/uploads\/2013\/08\/DSC_9491.jpg\"><img loading=\"lazy\" src=\"http:\/\/games.yonjuni.se\/wordpress\/wp-content\/uploads\/2013\/08\/DSC_9491.jpg\" alt=\"DSC_9491\" width=\"252\" height=\"175\" class=\"alignleft size-full wp-image-687\" \/><\/a><\/p>\n<p>F\u00f6rsta och enda g\u00e5ngen hittills som jag faktiskt gjort en l\u00e5da p\u00e5 best\u00e4llning fr\u00e5n n\u00e5gon jag inte k\u00e4nner. Via kontakter fick jag en f\u00f6rfr\u00e5gan om att g\u00f6ra en l\u00e5da f\u00f6r tv\u00e5 vanliga kortspelare som skulle ges i present till en <a href=\"http:\/\/boardgamegeek.com\/boardgame\/17104\/canasta\" title=\"Canasta\" target=\"_blank\">canasta<\/a>fantast. dom ville ha en l\u00e5da med platt lock och en utfr\u00e4st f\u00f6rdjupning i l\u00e5dans lock d\u00e4r de skulle s\u00e4tta en designad l\u00e4derbit. Jag gjorde en s\u00e5dan och denna l\u00e5da med rundat lock som alternativ. F\u00f6rhoppningsvis f\u00e5r jag s\u00e5 sm\u00e5ningom bilder p\u00e5 l\u00e5dan med l\u00e4derbiten p\u00e5 s\u00e5 jag kan visa den h\u00e4r ocks\u00e5. Denna l\u00e5da \u00e4r gjord i oljad ek, med konstmocka p\u00e5 insidan. Facken \u00e4r dimensionerade att rymma tv\u00e5 vanliga kortlekar i pokerstorlek. <\/p>\n<div style=\"clear: both;\">\n<p>Just detta exemplar g\u00e5r att k\u00f6pa i butiken <a href=\"http:\/\/www.dragonslair.se\/\" target=\"_blank\">Dragons Lair<\/a> i Stockholm.<\/p>\n","protected":false},"excerpt":{"rendered":"<p>F\u00f6rsta och enda g\u00e5ngen hittills som jag faktiskt gjort en l\u00e5da p\u00e5 best\u00e4llning fr\u00e5n n\u00e5gon jag inte k\u00e4nner. Via kontakter fick jag en f\u00f6rfr\u00e5gan om att g\u00f6ra en l\u00e5da f\u00f6r tv\u00e5 vanliga kortspelare som skulle ges i present till en canastafantast. dom ville ha en l\u00e5da med platt lock och<a href=\"http:\/\/games.yonjuni.se\/sv\/snickeri\/kortlada\/\" class=\"read-more\">Read the Rest&#8230;<\/a><\/p>\n","protected":false},"author":1,"featured_media":0,"parent":228,"menu_order":0,"comment_status":"closed","ping_status":"open","template":"fullwidth.php","meta":[],"jetpack_shortlink":"https:\/\/wp.me\/P3MIRQ-cd","jetpack_sharing_enabled":false,"_links":{"self":[{"href":"http:\/\/games.yonjuni.se\/sv\/wp-json\/wp\/v2\/pages\/757"}],"collection":[{"href":"http:\/\/games.yonjuni.se\/sv\/wp-json\/wp\/v2\/pages"}],"about":[{"href":"http:\/\/games.yonjuni.se\/sv\/wp-json\/wp\/v2\/types\/page"}],"author":[{"embeddable":true,"href":"http:\/\/games.yonjuni.se\/sv\/wp-json\/wp\/v2\/users\/1"}],"replies":[{"embeddable":true,"href":"http:\/\/games.yonjuni.se\/sv\/wp-json\/wp\/v2\/comments?post=757"}],"version-history":[{"count":11,"href":"http:\/\/games.yonjuni.se\/sv\/wp-json\/wp\/v2\/pages\/757\/revisions"}],"predecessor-version":[{"id":1155,"href":"http:\/\/games.yonjuni.se\/sv\/wp-json\/wp\/v2\/pages\/757\/revisions\/1155"}],"up":[{"embeddable":true,"href":"http:\/\/games.yonjuni.se\/sv\/wp-json\/wp\/v2\/pages\/228"}],"wp:attachment":[{"href":"http:\/\/games.yonjuni.se\/sv\/wp-json\/wp\/v2\/media?parent=757"}],"curies":[{"name":"wp","href":"https:\/\/api.w.org\/{rel}","templated":true}]}}