 {"id":751,"date":"2013-08-08T09:33:03","date_gmt":"2013-08-08T09:33:03","guid":{"rendered":"http:\/\/games.yonjuni.se\/?page_id=751"},"modified":"2020-02-25T15:45:21","modified_gmt":"2020-02-25T14:45:21","slug":"ascension","status":"publish","type":"page","link":"http:\/\/games.yonjuni.se\/sv\/snickeri\/ascension\/","title":{"rendered":"Ascension"},"content":{"rendered":"<p><a href=\"http:\/\/games.yonjuni.se\/wordpress\/wp-content\/uploads\/2013\/08\/DSC_9494.jpg\"><img loading=\"lazy\" src=\"http:\/\/games.yonjuni.se\/wordpress\/wp-content\/uploads\/2013\/08\/DSC_9494.jpg\" alt=\"DSC_9494\" width=\"252\" height=\"175\" class=\"alignnone size-full wp-image-690\" \/><\/a><a href=\"http:\/\/games.yonjuni.se\/wordpress\/wp-content\/uploads\/2013\/08\/DSC_9497.jpg\"><img loading=\"lazy\" src=\"http:\/\/games.yonjuni.se\/wordpress\/wp-content\/uploads\/2013\/08\/DSC_9497.jpg\" alt=\"DSC_9497\" width=\"252\" height=\"175\" class=\"alignnone size-full wp-image-693\" \/><\/a><\/p>\n<p>Till <a href=\"http:\/\/boardgamegeek.com\/geeksearch.php?action=search&#038;objecttype=boardgame&#038;q=ascension&#038;B1=Go\" title=\"Ascension\" target=\"_blank\" rel=\"noopener noreferrer\">Ascension <\/a>valde jag att g\u00f6ra en lite enklare l\u00f6sning, eftersom originall\u00e5dan hade en v\u00e4ldigt l\u00e4mplig storlek. Det blev en insats med uppdelning i sex fack. H\u00f6jden p\u00e5 facken \u00e4r anpassad till att man ska kunna l\u00e4gga spelplanen ovanp\u00e5 utan att skava p\u00e5 korten. Tyv\u00e4rr blir det d\u00e5 lite sv\u00e5rare att ta upp korten ur l\u00e5dan om man packar f\u00f6r t\u00e4tt. Det f\u00e5r bara plats en spelplan i l\u00e5dan. Denna l\u00e5da inneh\u00e5ller tre stora set och tv\u00e5 sm\u00e5 med ett antal promokort. Alla kort \u00e4r i plastfickor, om \u00e4n lite tunnare \u00e4n original. Som du ser b\u00f6rjar l\u00e5dan bli full, men man kan ju l\u00e4gga undan lite honor tokens och ett antal grundkort eftersom man aldrig anv\u00e4nder alla. Insatsen \u00e4r gjord av oljad ek. <\/p>\n<div style=\"clear: both;\">\n","protected":false},"excerpt":{"rendered":"<p>Till Ascension valde jag att g\u00f6ra en lite enklare l\u00f6sning, eftersom originall\u00e5dan hade en v\u00e4ldigt l\u00e4mplig storlek. Det blev en insats med uppdelning i sex fack. H\u00f6jden p\u00e5 facken \u00e4r anpassad till att man ska kunna l\u00e4gga spelplanen ovanp\u00e5 utan att skava p\u00e5 korten. Tyv\u00e4rr blir det d\u00e5 lite sv\u00e5rare<a href=\"http:\/\/games.yonjuni.se\/sv\/snickeri\/ascension\/\" class=\"read-more\">Read the Rest&#8230;<\/a><\/p>\n","protected":false},"author":1,"featured_media":0,"parent":228,"menu_order":0,"comment_status":"closed","ping_status":"open","template":"fullwidth.php","meta":[],"jetpack_shortlink":"https:\/\/wp.me\/P3MIRQ-c7","jetpack_sharing_enabled":false,"_links":{"self":[{"href":"http:\/\/games.yonjuni.se\/sv\/wp-json\/wp\/v2\/pages\/751"}],"collection":[{"href":"http:\/\/games.yonjuni.se\/sv\/wp-json\/wp\/v2\/pages"}],"about":[{"href":"http:\/\/games.yonjuni.se\/sv\/wp-json\/wp\/v2\/types\/page"}],"author":[{"embeddable":true,"href":"http:\/\/games.yonjuni.se\/sv\/wp-json\/wp\/v2\/users\/1"}],"replies":[{"embeddable":true,"href":"http:\/\/games.yonjuni.se\/sv\/wp-json\/wp\/v2\/comments?post=751"}],"version-history":[{"count":10,"href":"http:\/\/games.yonjuni.se\/sv\/wp-json\/wp\/v2\/pages\/751\/revisions"}],"predecessor-version":[{"id":1500,"href":"http:\/\/games.yonjuni.se\/sv\/wp-json\/wp\/v2\/pages\/751\/revisions\/1500"}],"up":[{"embeddable":true,"href":"http:\/\/games.yonjuni.se\/sv\/wp-json\/wp\/v2\/pages\/228"}],"wp:attachment":[{"href":"http:\/\/games.yonjuni.se\/sv\/wp-json\/wp\/v2\/media?parent=751"}],"curies":[{"name":"wp","href":"https:\/\/api.w.org\/{rel}","templated":true}]}}