 {"id":567,"date":"2013-08-06T13:41:06","date_gmt":"2013-08-06T13:41:06","guid":{"rendered":"http:\/\/games.yonjuni.se\/?page_id=567"},"modified":"2013-10-17T10:38:08","modified_gmt":"2013-10-17T08:38:08","slug":"settlers-kortspelet","status":"publish","type":"page","link":"http:\/\/games.yonjuni.se\/sv\/snickeri\/settlers-kortspelet\/","title":{"rendered":"Settlers kortspelet"},"content":{"rendered":"<p><a href=\"http:\/\/games.yonjuni.se\/wordpress\/wp-content\/uploads\/2013\/08\/DSC_9438.jpg\"><img loading=\"lazy\" src=\"http:\/\/games.yonjuni.se\/wordpress\/wp-content\/uploads\/2013\/08\/DSC_9438.jpg\" alt=\"DSC_9438\" width=\"252\" height=\"175\" class=\"alignleft size-full wp-image-594\" \/><\/a><a href=\"http:\/\/games.yonjuni.se\/wordpress\/wp-content\/uploads\/2013\/08\/DSC_9439.jpg\"><img loading=\"lazy\" src=\"http:\/\/games.yonjuni.se\/wordpress\/wp-content\/uploads\/2013\/08\/DSC_9439.jpg\" alt=\"DSC_9439\" width=\"252\" height=\"175\" class=\"alignleft size-full wp-image-595\" \/><\/a><\/p>\n<p>En tidig l\u00e5da jag gjorde till <a href=\"http:\/\/boardgamegeek.com\/geeksearch.php?action=search&#038;objecttype=boardgame&#038;q=settlers+card&#038;B1=Go\" title=\"Settlers Cardgame\" target=\"_blank\">kortspelet Settlers<\/a>. Jag har b\u00e5de en tysk utg\u00e5va av spelet och flera expansioner s\u00e5v\u00e4l som allting p\u00e5 engelska s\u00e5 det finns dubletter av t\u00e4rningar och tokens. Jag tror inte det var planerat fr\u00e5n b\u00f6rjan men allt fick precis plats i l\u00e5dan. L\u00e5dan \u00e4r gjord av oljad ek och inuti sitter konstmocka. <\/p>\n<div style=\"clear: both;\">\n","protected":false},"excerpt":{"rendered":"<p>En tidig l\u00e5da jag gjorde till kortspelet Settlers. Jag har b\u00e5de en tysk utg\u00e5va av spelet och flera expansioner s\u00e5v\u00e4l som allting p\u00e5 engelska s\u00e5 det finns dubletter av t\u00e4rningar och tokens. Jag tror inte det var planerat fr\u00e5n b\u00f6rjan men allt fick precis plats i l\u00e5dan. L\u00e5dan \u00e4r gjord<a href=\"http:\/\/games.yonjuni.se\/sv\/snickeri\/settlers-kortspelet\/\" class=\"read-more\">Read the Rest&#8230;<\/a><\/p>\n","protected":false},"author":1,"featured_media":0,"parent":228,"menu_order":0,"comment_status":"closed","ping_status":"open","template":"fullwidth.php","meta":[],"jetpack_shortlink":"https:\/\/wp.me\/P3MIRQ-99","jetpack_sharing_enabled":false,"_links":{"self":[{"href":"http:\/\/games.yonjuni.se\/sv\/wp-json\/wp\/v2\/pages\/567"}],"collection":[{"href":"http:\/\/games.yonjuni.se\/sv\/wp-json\/wp\/v2\/pages"}],"about":[{"href":"http:\/\/games.yonjuni.se\/sv\/wp-json\/wp\/v2\/types\/page"}],"author":[{"embeddable":true,"href":"http:\/\/games.yonjuni.se\/sv\/wp-json\/wp\/v2\/users\/1"}],"replies":[{"embeddable":true,"href":"http:\/\/games.yonjuni.se\/sv\/wp-json\/wp\/v2\/comments?post=567"}],"version-history":[{"count":11,"href":"http:\/\/games.yonjuni.se\/sv\/wp-json\/wp\/v2\/pages\/567\/revisions"}],"predecessor-version":[{"id":1138,"href":"http:\/\/games.yonjuni.se\/sv\/wp-json\/wp\/v2\/pages\/567\/revisions\/1138"}],"up":[{"embeddable":true,"href":"http:\/\/games.yonjuni.se\/sv\/wp-json\/wp\/v2\/pages\/228"}],"wp:attachment":[{"href":"http:\/\/games.yonjuni.se\/sv\/wp-json\/wp\/v2\/media?parent=567"}],"curies":[{"name":"wp","href":"https:\/\/api.w.org\/{rel}","templated":true}]}}