 {"id":437,"date":"2013-07-19T07:10:44","date_gmt":"2013-07-19T07:10:44","guid":{"rendered":"http:\/\/games.yonjuni.se\/?page_id=437"},"modified":"2019-05-27T16:25:59","modified_gmt":"2019-05-27T14:25:59","slug":"specialbestallningar","status":"publish","type":"page","link":"http:\/\/games.yonjuni.se\/sv\/snickeri\/specialbestallningar\/","title":{"rendered":"Specialbest\u00e4llningar"},"content":{"rendered":"<p><a href=\"http:\/\/games.yonjuni.se\/wordpress\/wp-content\/uploads\/2013\/07\/Johans-scoreboards.png\"><img loading=\"lazy\" src=\"http:\/\/games.yonjuni.se\/wordpress\/wp-content\/uploads\/2013\/07\/Johans-scoreboards.png\" alt=\"Johans scoreboards\" width=\"230\" height=\"155\" class=\"alignleft size-full wp-image-436\" \/><\/a>Sj\u00e4lvklart g\u00f6r jag saker p\u00e5 best\u00e4llning. H\u00e4r \u00e4r en bild p\u00e5 en po\u00e4ngbr\u00e4da som jag tillverkade i sex exemplar till en speldesigner som anv\u00e4nder den till prototyparbete n\u00e4r han designar spel. <\/p>\n<p>Nedtill p\u00e5 bilden ses en n\u00e4stan f\u00e4rdig br\u00e4da, det \u00e4r bara gavlarna som ska limmas p\u00e5. Den ljusa listen till v\u00e4nster g\u00e5r att skjuta loss och bytas. Du ser hur den \u00e4r gjord p\u00e5 biten ovanf\u00f6r.  En helt f\u00e4rdig br\u00e4da har numrering p\u00e5 listen f\u00f6r h\u00e5lraderna (1-10) och varje br\u00e4das list har en egen f\u00e4rg som representerar spelarens f\u00e4rg. H\u00e5lraden ligger l\u00f6st och skulle kunna bytas mot en med en annan layout. Nedan h\u00e5lraden \u00e4r det meningen att designern ska l\u00e4gga olika pappbrickor beroende p\u00e5 vilket spel br\u00e4dan anv\u00e4nds till. Sen s\u00e4tter man peggar i h\u00e5len f\u00f6r att markera aktuella v\u00e4rden. <\/p>\n<div style=\"clear: both;\">\n<p>Bilden visar tydligt en del av de steg som anv\u00e4ndes f\u00f6r att g\u00f6ra br\u00e4dan. \u00d6verst \u00e4r ett block som jag borrat ur. Sen \u00e4r det bara att skiva blocket s\u00e5 f\u00e5r man fler br\u00e4dor p\u00e5 en borrning. Tyv\u00e4rr g\u00e5r det inte att borra djupare \u00e4n kanske 2-3cm, sen b\u00f6rjar borret b\u00f6ja sig, eftersom det roterar och sk\u00e4r \u00e5t ett h\u00e5ll. S\u00e5 man f\u00e5r borra, sk\u00e4ra till och borra igen, men det blir \u00e4nd\u00e5 mindre borrande \u00e4n om jag gjort sex separata br\u00e4dor som jag borrat var f\u00f6r sig. <\/p>\n<p>Br\u00e4dan med urfasningen som h\u00e5lbr\u00e4dan ligger i fr\u00e4ste jag ur en l\u00e5ng planka som jag sedan kapade upp i lagom l\u00e4ngder. Po\u00e4nglisten \u00e4r som synes ocks\u00e5 gjord av l\u00e4ngre lister som kapats till. Sp\u00e5ret som den vita listen g\u00e5r i har fasade kanter s\u00e5 listen sitter fast. Listerna har sedan m\u00e5lats i olika f\u00e4rger f\u00f6r att markera spelarens f\u00e4rg. <\/p>\n<p>Det m\u00f6rka tr\u00e4et \u00e4r ek och det ljusa asp. Po\u00e4nglisterna \u00e4r lackade och polerade med olja och fin st\u00e5lull, alla andra detaljer \u00e4r oljade (p\u00e5 en f\u00e4rdig br\u00e4da, p\u00e5 denna bilden \u00e4r allt obehandlat).<\/p><\/div>\n<\/p><\/div>\n<p>Ibland g\u00f6r jag st\u00f6rre saker, som tex m\u00f6bler.  <\/p>\n<p>Det h\u00e4r \u00e4r en s\u00e4ngavel som jag gjorde p\u00e5 best\u00e4llning \u00e5t ett par v\u00e4nner.<\/p>\n<p><a href=\"http:\/\/games.yonjuni.se\/wordpress\/wp-content\/uploads\/2019\/04\/IMG_0624.jpg\"><img loading=\"lazy\" src=\"http:\/\/games.yonjuni.se\/wordpress\/wp-content\/uploads\/2019\/04\/IMG_0624.jpg\" alt=\"IMG_0624\" width=\"230\" height=\"172\" class=\"alignleft size-full wp-image-1480\" \/><\/a><a href=\"http:\/\/games.yonjuni.se\/wordpress\/wp-content\/uploads\/2019\/04\/IMG_0626.jpg\"><img loading=\"lazy\" src=\"http:\/\/games.yonjuni.se\/wordpress\/wp-content\/uploads\/2019\/04\/IMG_0626.jpg\" alt=\"IMG_0626\" width=\"230\" height=\"172\" class=\"alignleft size-full wp-image-1478\" \/><\/a><a href=\"http:\/\/games.yonjuni.se\/wordpress\/wp-content\/uploads\/2019\/04\/IMG_0729.jpg\"><img loading=\"lazy\" src=\"http:\/\/games.yonjuni.se\/wordpress\/wp-content\/uploads\/2019\/04\/IMG_0729.jpg\" alt=\"IMG_0729\" width=\"230\" height=\"172\" class=\"alignnone size-full wp-image-1479\" \/><\/a><br \/>\nDe f\u00f6rsta tv\u00e5 bilderna visar gaveln under konstruktion. H\u00e4r kan du se hur den \u00e4r gjord. Br\u00e4dorna p\u00e5 framsidan \u00e4r golvbr\u00e4dor i ek som \u00e4r gjorda att se ut som gamla d\u00e4cksbr\u00e4dor p\u00e5 ett skepp. I gavlen finns inbyggda eluttag f\u00f6r lampor eller telefonladdare. Du ser dom p\u00e5 sidorna. Fururamen som p\u00e5 sista bilden \u00e4r obehandlad ska betsas svart, men det f\u00e5r best\u00e4llarna g\u00f6ra sj\u00e4lva. <\/p><\/div>\n<p><a href=\"http:\/\/games.yonjuni.se\/wordpress\/wp-content\/uploads\/2019\/05\/DSC_0825.jpg\"><img loading=\"lazy\" src=\"http:\/\/games.yonjuni.se\/wordpress\/wp-content\/uploads\/2019\/05\/DSC_0825-300x199.jpg\" alt=\"DSC_0825.jpg\" width=\"230\" height=\"153\" class=\"alignleft size-full wp-image-1494\" srcset=\"http:\/\/games.yonjuni.se\/wordpress\/wp-content\/uploads\/2019\/05\/DSC_0825-300x199.jpg 300w, http:\/\/games.yonjuni.se\/wordpress\/wp-content\/uploads\/2019\/05\/DSC_0825-768x511.jpg 768w, http:\/\/games.yonjuni.se\/wordpress\/wp-content\/uploads\/2019\/05\/DSC_0825-1024x681.jpg 1024w\" sizes=\"(max-width: 230px) 100vw, 230px\" \/><\/a><\/p>\n<p>H\u00e4r \u00e4r ett kortst\u00e4ll till spelet Western Legends. Framsidorna p\u00e5 facken \u00e4r av klar akrylplast s\u00e5 man kan se hela korten. Bakom ser du originalst\u00e4llet i kartong. <\/p>\n","protected":false},"excerpt":{"rendered":"<p>Sj\u00e4lvklart g\u00f6r jag saker p\u00e5 best\u00e4llning. H\u00e4r \u00e4r en bild p\u00e5 en po\u00e4ngbr\u00e4da som jag tillverkade i sex exemplar till en speldesigner som anv\u00e4nder den till prototyparbete n\u00e4r han designar spel. Nedtill p\u00e5 bilden ses en n\u00e4stan f\u00e4rdig br\u00e4da, det \u00e4r bara gavlarna som ska limmas p\u00e5. Den ljusa listen<a href=\"http:\/\/games.yonjuni.se\/sv\/snickeri\/specialbestallningar\/\" class=\"read-more\">Read the Rest&#8230;<\/a><\/p>\n","protected":false},"author":1,"featured_media":0,"parent":228,"menu_order":0,"comment_status":"closed","ping_status":"open","template":"fullwidth.php","meta":[],"jetpack_shortlink":"https:\/\/wp.me\/P3MIRQ-73","jetpack_sharing_enabled":false,"_links":{"self":[{"href":"http:\/\/games.yonjuni.se\/sv\/wp-json\/wp\/v2\/pages\/437"}],"collection":[{"href":"http:\/\/games.yonjuni.se\/sv\/wp-json\/wp\/v2\/pages"}],"about":[{"href":"http:\/\/games.yonjuni.se\/sv\/wp-json\/wp\/v2\/types\/page"}],"author":[{"embeddable":true,"href":"http:\/\/games.yonjuni.se\/sv\/wp-json\/wp\/v2\/users\/1"}],"replies":[{"embeddable":true,"href":"http:\/\/games.yonjuni.se\/sv\/wp-json\/wp\/v2\/comments?post=437"}],"version-history":[{"count":29,"href":"http:\/\/games.yonjuni.se\/sv\/wp-json\/wp\/v2\/pages\/437\/revisions"}],"predecessor-version":[{"id":1496,"href":"http:\/\/games.yonjuni.se\/sv\/wp-json\/wp\/v2\/pages\/437\/revisions\/1496"}],"up":[{"embeddable":true,"href":"http:\/\/games.yonjuni.se\/sv\/wp-json\/wp\/v2\/pages\/228"}],"wp:attachment":[{"href":"http:\/\/games.yonjuni.se\/sv\/wp-json\/wp\/v2\/media?parent=437"}],"curies":[{"name":"wp","href":"https:\/\/api.w.org\/{rel}","templated":true}]}}