 {"id":344,"date":"2013-07-16T12:33:25","date_gmt":"2013-07-16T12:33:25","guid":{"rendered":"http:\/\/games.yonjuni.se\/?page_id=344"},"modified":"2013-10-17T10:37:53","modified_gmt":"2013-10-17T08:37:53","slug":"poangbrada","status":"publish","type":"page","link":"http:\/\/games.yonjuni.se\/sv\/snickeri\/poangbrada\/","title":{"rendered":"Po\u00e4ngbr\u00e4da"},"content":{"rendered":"<p>N\u00e4r man spelar br\u00e4dspel s\u00e5 \u00e4r det ofta s\u00e5 att po\u00e4ngen man har markerar man med en &#8221;plutt&#8221; p\u00e5 en skala l\u00e4ngs med utkanten av spelplanen. D\u00e5 \u00e4r risken stor att man petar till plutten eller att den hoppar iv\u00e4g om man st\u00f6ter till bordet, sen \u00e4r det ingen som vet hur m\u00e5nga po\u00e4ng man hade. D\u00e4rf\u00f6r b\u00f6rjade jag tillverka po\u00e4ngbr\u00e4dor. Du ser kanske att jag &#8221;stulit&#8221; id\u00e9n fr\u00e5n <a href=\"http:\/\/boardgamegeek.com\/boardgame\/2398\/cribbage\" target=\"_blank\">cribbage<\/a>br\u00e4dor. Vanligast \u00e4r varianten med ett varv p\u00e5 100 som fungerar till de flesta spel med po\u00e4ngr\u00e4kning, men jag har ocks\u00e5 gjort br\u00e4dor till speciella spel.<\/p>\n<p>Nedan bilder p\u00e5 generiska br\u00e4dor med ett varv p\u00e5 100 och lite olika varianter p\u00e5 piggar. Du anv\u00e4nder tv\u00e5 piggar f\u00f6r att markera din po\u00e4ng. Den fr\u00e4mre markerar aktuell po\u00e4ng, men ist\u00e4llet f\u00f6r att ta bort den och gl\u00f6mma bort vad du hade innan du ska s\u00e4tta ned den igen s\u00e5 tar du den bakre och r\u00e4knar fram fr\u00e5n den fr\u00e4mre. P\u00e5 s\u00e5 s\u00e4tt \u00e4r du s\u00e4ker p\u00e5 att det blir r\u00e4tt, och du kan alltid se den senaste po\u00e4ngen du f\u00e5tt. En tredje pigg anv\u00e4nder du vid sidan om f\u00f6r att markera hur m\u00e5nga varv du g\u00e5tt. Anledningen till att banan \u00e4r bredare i b\u00f6rjan och smalnar av \u00e4r f\u00f6r att kunna starta med m\u00e5nga spelare p\u00e5 samma po\u00e4ng P\u00e5 dessa br\u00e4dor \u00e4r bredden sju f\u00f6r att smalna av till fyra. I de flesta spel s\u00e5 hamnar s\u00e4llan alla p\u00e5 samma po\u00e4ng samtidigt en bit in i spelet. En br\u00e4da med sju banor hela varvet runt hade blivit alldeles f\u00f6r stor. <\/p>\n<p><a href=\"http:\/\/games.yonjuni.se\/wordpress\/wp-content\/uploads\/2013\/07\/scorebr\u00e4da.jpg\"><img loading=\"lazy\" class=\"alignleft size-full wp-image-342\" alt=\"scorebr\u00e4da\" src=\"http:\/\/games.yonjuni.se\/wordpress\/wp-content\/uploads\/2013\/07\/scorebr\u00e4da.jpg\" width=\"600\" height=\"167\" \/><\/a><br \/>\nDen h\u00e4r gillar jag, d\u00e4r kvisten \u00e4r i symmetri med po\u00e4ngbanan.<\/p>\n<div style=\"clear: both;\">\n<a href=\"http:\/\/games.yonjuni.se\/wordpress\/wp-content\/uploads\/2013\/08\/DSC_9460_beskuren.jpg\"><img loading=\"lazy\" src=\"http:\/\/games.yonjuni.se\/wordpress\/wp-content\/uploads\/2013\/08\/DSC_9460_beskuren.jpg\" alt=\"DSC_9460_beskuren\" width=\"600\" height=\"176\" class=\"alignleft size-full wp-image-832\" \/><\/a><br \/>\nEnkla varianten med nylonpeggar. Dom kommer i 10 olika f\u00e4rger, s\u00e5 det fungerar med de flesta spel.<\/p>\n<div style=\"clear: both;\">\n<a href=\"http:\/\/games.yonjuni.se\/wordpress\/wp-content\/uploads\/2013\/08\/DSC_9455_beskuren.jpg\"><img loading=\"lazy\" src=\"http:\/\/games.yonjuni.se\/wordpress\/wp-content\/uploads\/2013\/08\/DSC_9455_beskuren.jpg\" alt=\"DSC_9455_beskuren\" width=\"600\" height=\"179\" class=\"alignleft size-full wp-image-831\" \/><\/a><br \/>\nLyxvarinten med lite st\u00f6rre metallpeggar. Finns i fem f\u00e4rger. <\/p>\n<div style=\"clear: both;\">\nDessa g\u00e5r att k\u00f6pa p\u00e5 <a href=\"http:\/\/alphaspel.se\/shop\/\" target=\"_blank\">Alphaspel<\/a> eller butiken <a href=\"http:\/\/www.dragonslair.se\/\" target=\"_blank\">Dragons Lair<\/a>, b\u00e5da i Stockholm. <\/p>\n","protected":false},"excerpt":{"rendered":"<p>N\u00e4r man spelar br\u00e4dspel s\u00e5 \u00e4r det ofta s\u00e5 att po\u00e4ngen man har markerar man med en &#8221;plutt&#8221; p\u00e5 en skala l\u00e4ngs med utkanten av spelplanen. D\u00e5 \u00e4r risken stor att man petar till plutten eller att den hoppar iv\u00e4g om man st\u00f6ter till bordet, sen \u00e4r det ingen som<a href=\"http:\/\/games.yonjuni.se\/sv\/snickeri\/poangbrada\/\" class=\"read-more\">Read the Rest&#8230;<\/a><\/p>\n","protected":false},"author":1,"featured_media":0,"parent":228,"menu_order":0,"comment_status":"closed","ping_status":"open","template":"fullwidth.php","meta":[],"jetpack_shortlink":"https:\/\/wp.me\/P3MIRQ-5y","jetpack_sharing_enabled":false,"_links":{"self":[{"href":"http:\/\/games.yonjuni.se\/sv\/wp-json\/wp\/v2\/pages\/344"}],"collection":[{"href":"http:\/\/games.yonjuni.se\/sv\/wp-json\/wp\/v2\/pages"}],"about":[{"href":"http:\/\/games.yonjuni.se\/sv\/wp-json\/wp\/v2\/types\/page"}],"author":[{"embeddable":true,"href":"http:\/\/games.yonjuni.se\/sv\/wp-json\/wp\/v2\/users\/1"}],"replies":[{"embeddable":true,"href":"http:\/\/games.yonjuni.se\/sv\/wp-json\/wp\/v2\/comments?post=344"}],"version-history":[{"count":30,"href":"http:\/\/games.yonjuni.se\/sv\/wp-json\/wp\/v2\/pages\/344\/revisions"}],"predecessor-version":[{"id":1153,"href":"http:\/\/games.yonjuni.se\/sv\/wp-json\/wp\/v2\/pages\/344\/revisions\/1153"}],"up":[{"embeddable":true,"href":"http:\/\/games.yonjuni.se\/sv\/wp-json\/wp\/v2\/pages\/228"}],"wp:attachment":[{"href":"http:\/\/games.yonjuni.se\/sv\/wp-json\/wp\/v2\/media?parent=344"}],"curies":[{"name":"wp","href":"https:\/\/api.w.org\/{rel}","templated":true}]}}