 {"id":319,"date":"2013-07-16T12:05:59","date_gmt":"2013-07-16T12:05:59","guid":{"rendered":"http:\/\/games.yonjuni.se\/?page_id=319"},"modified":"2019-04-18T20:55:29","modified_gmt":"2019-04-18T18:55:29","slug":"tarningsskalar","status":"publish","type":"page","link":"http:\/\/games.yonjuni.se\/sv\/snickeri\/tarningsskalar\/","title":{"rendered":"T\u00e4rningssk\u00e5lar"},"content":{"rendered":"<p>Efter att ha sett en \u00e5ttasidig t\u00e4rningssk\u00e5l anv\u00e4ndas p\u00e5 ett konvent s\u00e5 best\u00e4mde jag mig f\u00f6r att s\u00e5dana borde jag kunna snickra sj\u00e4lv. F\u00f6r att g\u00f6ra n\u00e5got eget av det och f\u00f6r att \u00e5ttasidigt ser ganska fyrkantigt och tr\u00e5kigt ut gjorde jag alla utom den allra f\u00f6rsta sk\u00e5len sjusidiga. I b\u00f6rjan k\u00e4ndes formen konstig, men jag fortsatte att g\u00f6ra dom s\u00e5 och nu \u00e4r jag van vid dom. Jag har under \u00e5ren experimenterat med olika tr\u00e4slag och kombinationer.<\/p>\n<p>Oftast n\u00e4r jag anv\u00e4nder t\u00e4rningar s\u00e5 \u00e4r det till ett spel som har en spelplan mitt p\u00e5 bordet. D\u00e5 \u00e4r det tr\u00e5ngt och kr\u00e5ngligt att flytta runt en stor sk\u00e5l, s\u00e5 jag b\u00f6rjade g\u00f6ra set om mindre sk\u00e5lar. F\u00f6rsta varianten bestod av tre sk\u00e5lar som var lite f\u00f6r sm\u00e5. Numera best\u00e5r ett set av tv\u00e5 lite vidare sk\u00e5lar. det \u00e4r ocks\u00e5 ganska vanligt att sk\u00e5larna anv\u00e4nds att ha spelkomponenter i till spel som inte anv\u00e4nder t\u00e4rningar. <\/p>\n<p><a href=\"http:\/\/games.yonjuni.se\/wordpress\/wp-content\/uploads\/2016\/01\/8-sidig-2009.jpg\" rel=\"attachment wp-att-1353\"><img class=\"alignleft size-full wp-image-324\" style=\"float: left;\"src=\"http:\/\/games.yonjuni.se\/wordpress\/wp-content\/uploads\/2016\/01\/8-sidig-2009.jpg\" alt=\"8-sidig-2009\" width=\"252\" height=\"169\" class=\"alignnone size-medium wp-image-1353\" \/><\/a>Det h\u00e4r \u00e4r den alla f\u00f6rsta sk\u00e5len jag tillverkade 2009. Som du ser har den v\u00e4ldigt l\u00e5g och tunn sarg. Det \u00e4r ocks\u00e5 den enda sk\u00e5len jag n\u00e5gonsin gjort som \u00e4r \u00e5taasidig. Alla d\u00e4refter har varit sjusidiga!<\/p>\n<div style=\"clear: both;\">\n<p><a href=\"http:\/\/games.yonjuni.se\/wordpress\/wp-content\/uploads\/2013\/07\/dicetrayset-alm2.jpg\"><img loading=\"lazy\" class=\"alignleft size-full wp-image-324\" style=\"float: left;\" alt=\"dicetrayset alm2\" src=\"http:\/\/games.yonjuni.se\/wordpress\/wp-content\/uploads\/2013\/07\/dicetrayset-alm2.jpg\" width=\"252\" height=\"175\" \/><\/a><a href=\"http:\/\/games.yonjuni.se\/wordpress\/wp-content\/uploads\/2013\/07\/dicetrayset-alm.jpg\"><img loading=\"lazy\" class=\"alignleft size-full wp-image-323\" style=\"float: left;\" alt=\"dicetrayset alm\" src=\"http:\/\/games.yonjuni.se\/wordpress\/wp-content\/uploads\/2013\/07\/dicetrayset-alm.jpg\" width=\"252\" height=\"175\" \/><\/a>Dessa tv\u00e5 set \u00e4r gjorda i oljad alm. Det ena med bl\u00e5 konstmocka i botten och det andra med &#8221;pokerbordstyg&#8221;.<\/p>\n<div style=\"clear: both;\">\n<p><a href=\"http:\/\/games.yonjuni.se\/wordpress\/wp-content\/uploads\/2013\/08\/DSC_9465.jpg\"><img loading=\"lazy\" src=\"http:\/\/games.yonjuni.se\/wordpress\/wp-content\/uploads\/2013\/08\/DSC_9465.jpg\" alt=\"DSC_9465\" width=\"252\" height=\"175\" class=\"alignleft size-full wp-image-636\" \/><\/a><a href=\"http:\/\/games.yonjuni.se\/wordpress\/wp-content\/uploads\/2013\/08\/DSC_9461.jpg\"><img loading=\"lazy\" src=\"http:\/\/games.yonjuni.se\/wordpress\/wp-content\/uploads\/2013\/08\/DSC_9461.jpg\" alt=\"DSC_9461\" width=\"252\" height=\"175\" class=\"alignleft size-full wp-image-628\" \/><\/a>En variant i oljad ek med r\u00f6d konstmocka. <\/p>\n<div style=\"clear: both;\">\n<p><a href=\"http:\/\/games.yonjuni.se\/wordpress\/wp-content\/uploads\/2013\/08\/DSC_9474.jpg\"><img loading=\"lazy\" src=\"http:\/\/games.yonjuni.se\/wordpress\/wp-content\/uploads\/2013\/08\/DSC_9474.jpg\" alt=\"DSC_9474\" width=\"175\" height=\"252\" class=\"alignleft size-full wp-image-654\" \/><\/a>Med dessa set provade jag att s\u00e4tta konstmocka \u00e4ven p\u00e5 insidan av sargen. Jag kallar dom f\u00f6r &#8221;deluxe&#8221;. Denna \u00e4r i oljad ek med sandf\u00e4rgad konstmocka. Jag har \u00e4ven gjort ett liknande set med tunna ljudd\u00e4mpande gummiplattor mellan tr\u00e4et och tyget p\u00e5 specialbest\u00e4llning \u00e5t en kille som har h\u00f6rselproblem och ville kunna rulla sina t\u00e4rningar ljudl\u00f6st. <\/p>\n<div style=\"clear: both;\">\n<p><a href=\"http:\/\/games.yonjuni.se\/wordpress\/wp-content\/uploads\/2016\/01\/Dicetray-large-2010.jpg\" rel=\"attachment wp-att-1352\"><img loading=\"lazy\" class=\"alignleft size-full wp-image-325\" src=\"http:\/\/games.yonjuni.se\/wordpress\/wp-content\/uploads\/2016\/01\/Dicetray-large-2010.jpg\" alt=\"Dicetray-large-2010\" width=\"217\" height=\"144\" \/><\/a><a href=\"http:\/\/games.yonjuni.se\/wordpress\/wp-content\/uploads\/2013\/07\/dicetray-large.jpg\"><img loading=\"lazy\" class=\"alignleft size-full wp-image-325\" alt=\"dicetray-large\" src=\"http:\/\/games.yonjuni.se\/wordpress\/wp-content\/uploads\/2013\/07\/dicetray-large.jpg\" width=\"252\" height=\"175\" \/><\/a>Det h\u00e4r \u00e4r en stor sk\u00e5l avsedd att anv\u00e4nda till tex <a title=\"DubbelYatzy\" href=\"http:\/\/games.yonjuni.se\/dubbelyatzy\/\">DubbelYatzy<\/a>, vanlig <a href=\"http:\/\/boardgamegeek.com\/boardgame\/2243\/yahtzee\" target=\"_blank\">Yatzy<\/a> eller <a href=\"http:\/\/boardgamegeek.com\/boardgame\/37380\/roll-through-the-ages-the-bronze-age\" target=\"_blank\">Roll Through the Ages<\/a>. Den \u00e4r gjord i oljad ek med pokerbordsduk i botten. Under duken ligger stegfoam av typen man anv\u00e4nder under laminatgolv. Det ger en ordentlig studs.<\/p>\n<div style=\"clear: both;\">\n<p><a href=\"http:\/\/games.yonjuni.se\/wordpress\/wp-content\/uploads\/2016\/01\/set-i-R\u00f6tad-Bj\u00f6rk.jpg\" rel=\"attachment wp-att-1367\"><img loading=\"lazy\" src=\"http:\/\/games.yonjuni.se\/wordpress\/wp-content\/uploads\/2016\/01\/set-i-R\u00f6tad-Bj\u00f6rk-300x253.jpg\" alt=\"set i R\u00f6tad Bj\u00f6rk\" width=\"217\" height=\"183\" class=\"alignleft size-full wp-image-325\" \/><\/a>Ibland anv\u00e4nder jag andra material \u00e4n det vanligaste, ek. Alm har ni sett ovan och \u00e4ven asp. Dessa \u00e4r gjorda i Bj\u00f6rk. Att det \u00e4r en s\u00e5 tydlig och m\u00f6rk \u00e5dring beror p\u00e5 att planken som nys\u00e5gade och mycket fuktiga l\u00e5g t\u00e4tt ihop och m\u00f6glade. Efter att de torkat \u00e4r allt m\u00f6gel d\u00f6tt, s\u00e5 de \u00e4r inte n\u00e5gon h\u00e4lsofara, men det blev ett v\u00e4ldigt vackert tr\u00e4. <\/p>\n<div style=\"clear: both;\">\n<p><a href=\"http:\/\/games.yonjuni.se\/wordpress\/wp-content\/uploads\/2016\/01\/Set-med-tre.jpg\" rel=\"attachment wp-att-1368\"><img loading=\"lazy\" src=\"http:\/\/games.yonjuni.se\/wordpress\/wp-content\/uploads\/2016\/01\/Set-med-tre-300x184.jpg\" alt=\"Set med tre\" width=\"300\" height=\"184\" class=\"alignleft size-full wp-image-1368\" srcset=\"http:\/\/games.yonjuni.se\/wordpress\/wp-content\/uploads\/2016\/01\/Set-med-tre-300x184.jpg 300w, http:\/\/games.yonjuni.se\/wordpress\/wp-content\/uploads\/2016\/01\/Set-med-tre-768x470.jpg 768w, http:\/\/games.yonjuni.se\/wordpress\/wp-content\/uploads\/2016\/01\/Set-med-tre-1024x627.jpg 1024w\" sizes=\"(max-width: 300px) 100vw, 300px\" \/><\/a>Ett set med tre sk\u00e5lar gjord p\u00e5 best\u00e4llning. De tv\u00e5 minsta sk\u00e5larna \u00e4r av samma storlek som ett normalt tv\u00e5-set. Den tredje \u00e4r lite st\u00f6rre \u00e4n de andra tv\u00e5, s\u00e5 de passar i varandra. <\/p>\n<div style=\"clear: both;\">\n<p><a href=\"http:\/\/games.yonjuni.se\/wordpress\/wp-content\/uploads\/2016\/01\/Set.jpg\" rel=\"attachment wp-att-1364\"><img loading=\"lazy\" src=\"http:\/\/games.yonjuni.se\/wordpress\/wp-content\/uploads\/2016\/01\/Set-300x261.jpg\" alt=\"Set\" width=\"300\" height=\"261\" class=\"alignleft size-full wp-image-1364\" srcset=\"http:\/\/games.yonjuni.se\/wordpress\/wp-content\/uploads\/2016\/01\/Set-300x261.jpg 300w, http:\/\/games.yonjuni.se\/wordpress\/wp-content\/uploads\/2016\/01\/Set-768x668.jpg 768w, http:\/\/games.yonjuni.se\/wordpress\/wp-content\/uploads\/2016\/01\/Set-1024x890.jpg 1024w, http:\/\/games.yonjuni.se\/wordpress\/wp-content\/uploads\/2016\/01\/Set.jpg 1768w\" sizes=\"(max-width: 300px) 100vw, 300px\" \/><\/a>Sk\u00e5larna \u00e4r gjorda att passa i varandra f\u00f6r att ta mindre plats n\u00e4r man inte anv\u00e4nder dom. <\/p>\n<div style=\"clear: both;\">\n<p><a href=\"http:\/\/games.yonjuni.se\/wordpress\/wp-content\/uploads\/2013\/07\/Untitled-1.jpg\"><img loading=\"lazy\" src=\"http:\/\/games.yonjuni.se\/wordpress\/wp-content\/uploads\/2013\/07\/Untitled-1.jpg\" alt=\"\" width=\"300\" height=\"140\" class=\"alignleft size-full wp-image-1463\" \/><\/a>H\u00e4r \u00e4r ett set gjort p\u00e5 best\u00e4llning med Star Wars X-wing Rebel och Imperial loggor. Jag har anv\u00e4nt tygm\u00e4rken med loggorna p\u00e5 och gjort ett passepartout av gummimatta runt dem f\u00f6r att f\u00e5 en hyfsat plan botten. <\/p>\n<div style=\"clear: both;\">\n<p><a href=\"http:\/\/games.yonjuni.se\/wordpress\/wp-content\/uploads\/2013\/07\/IMG_0727.jpg\"><img loading=\"lazy\" src=\"http:\/\/games.yonjuni.se\/wordpress\/wp-content\/uploads\/2013\/07\/IMG_0727.jpg\" alt=\"\" width=\"300\" height=\"225\" class=\"alignleft size-full wp-image-1462\" \/><\/a>Likkisteformade sk\u00e5lar specialtillverkade till spelet Village Attacks. Det svarta setet \u00e4r det enda jag har m\u00e5lat n\u00e5gonsin. Det inneb\u00e4r en hel del merarbete och \u00e4r sv\u00e5rt att f\u00e5 snyggt. Jag har klarlackat flera lager ovanp\u00e5 den svarta f\u00e4rgen och sedan polerat med st\u00e5lull och olja, som jag brukar g\u00f6ra med lackade saker, f\u00f6r att f\u00e5 en mycket sl\u00e4t matt yta. Tr\u00e4et \u00e4r i b\u00e5da seten Asp. <\/p>\n<div style=\"clear: both;\">\n<p><a href=\"http:\/\/games.yonjuni.se\/wordpress\/wp-content\/uploads\/2013\/07\/IMG_0728.jpg\"><img loading=\"lazy\" src=\"http:\/\/games.yonjuni.se\/wordpress\/wp-content\/uploads\/2013\/07\/IMG_0728.jpg\" alt=\"\" width=\"300\" height=\"225\" class=\"alignleft size-full wp-image-1461\" \/><\/a>Sj\u00e4lvklart passar de i varandra i set om tv\u00e5. <\/p>\n<div style=\"clear: both;\">\n<p>Olika varianter av t\u00e4rningssk\u00e5lar g\u00e5r att k\u00f6pa i butikerna <a href=\"http:\/\/www.dragonslair.se\/\" target=\"_blank\">Dragons Lair<\/a> eller <a href=\"http:\/\/alphaspel.se\/shop\/\" target=\"_blank\">Alphaspel<\/a>, b\u00e5da i Stockholm. Vad som finns p\u00e5 lager varierar v\u00e4ldigt mycket eftersom det h\u00e4r \u00e4r en hobbyverksamhet och jag inte alltid hinner med efterfr\u00e5gan.<\/p>\n","protected":false},"excerpt":{"rendered":"<p>Efter att ha sett en \u00e5ttasidig t\u00e4rningssk\u00e5l anv\u00e4ndas p\u00e5 ett konvent s\u00e5 best\u00e4mde jag mig f\u00f6r att s\u00e5dana borde jag kunna snickra sj\u00e4lv. F\u00f6r att g\u00f6ra n\u00e5got eget av det och f\u00f6r att \u00e5ttasidigt ser ganska fyrkantigt och tr\u00e5kigt ut gjorde jag alla utom den allra f\u00f6rsta sk\u00e5len sjusidiga. I<a href=\"http:\/\/games.yonjuni.se\/sv\/snickeri\/tarningsskalar\/\" class=\"read-more\">Read the Rest&#8230;<\/a><\/p>\n","protected":false},"author":1,"featured_media":0,"parent":228,"menu_order":0,"comment_status":"closed","ping_status":"open","template":"fullwidth.php","meta":[],"jetpack_shortlink":"https:\/\/wp.me\/P3MIRQ-59","jetpack_sharing_enabled":false,"_links":{"self":[{"href":"http:\/\/games.yonjuni.se\/sv\/wp-json\/wp\/v2\/pages\/319"}],"collection":[{"href":"http:\/\/games.yonjuni.se\/sv\/wp-json\/wp\/v2\/pages"}],"about":[{"href":"http:\/\/games.yonjuni.se\/sv\/wp-json\/wp\/v2\/types\/page"}],"author":[{"embeddable":true,"href":"http:\/\/games.yonjuni.se\/sv\/wp-json\/wp\/v2\/users\/1"}],"replies":[{"embeddable":true,"href":"http:\/\/games.yonjuni.se\/sv\/wp-json\/wp\/v2\/comments?post=319"}],"version-history":[{"count":95,"href":"http:\/\/games.yonjuni.se\/sv\/wp-json\/wp\/v2\/pages\/319\/revisions"}],"predecessor-version":[{"id":335,"href":"http:\/\/games.yonjuni.se\/sv\/wp-json\/wp\/v2\/pages\/319\/revisions\/335"}],"up":[{"embeddable":true,"href":"http:\/\/games.yonjuni.se\/sv\/wp-json\/wp\/v2\/pages\/228"}],"wp:attachment":[{"href":"http:\/\/games.yonjuni.se\/sv\/wp-json\/wp\/v2\/media?parent=319"}],"curies":[{"name":"wp","href":"https:\/\/api.w.org\/{rel}","templated":true}]}}