 {"id":298,"date":"2013-07-16T11:18:30","date_gmt":"2013-07-16T11:18:30","guid":{"rendered":"http:\/\/games.yonjuni.se\/?page_id=298"},"modified":"2013-10-17T10:36:37","modified_gmt":"2013-10-17T08:36:37","slug":"carcassonne","status":"publish","type":"page","link":"http:\/\/games.yonjuni.se\/sv\/snickeri\/carcassonne\/","title":{"rendered":"Carcassonne"},"content":{"rendered":"<p><a href=\"http:\/\/games.yonjuni.se\/wordpress\/wp-content\/uploads\/2013\/07\/tom-carcassonne-525.png\"><img loading=\"lazy\" src=\"http:\/\/games.yonjuni.se\/wordpress\/wp-content\/uploads\/2013\/07\/tom-carcassonne-525.png\" alt=\"tom carcassonne 525\" width=\"262\" height=\"394\" class=\"alignleft size-full wp-image-266\" \/><\/a><a href=\"http:\/\/games.yonjuni.se\/wordpress\/wp-content\/uploads\/2013\/07\/full-carcassonne-525.png\"><img loading=\"lazy\" src=\"http:\/\/games.yonjuni.se\/wordpress\/wp-content\/uploads\/2013\/07\/full-carcassonne-525.png\" alt=\"full carcassonne 525\" width=\"262\" height=\"394\" class=\"alignleft size-full wp-image-265\" \/><\/a>Det h\u00e4r \u00e4r det f\u00f6rsta jag \u00f6ver huvud taget snickrade till spel. L\u00e5dan \u00e4r k\u00f6pt och gjord f\u00f6r att ha <a href=\"http:\/\/boardgamegeek.com\/geeksearch.php?action=search&#038;objecttype=boardgame&#038;q=carcassonne&#038;B1=Go\" title=\"Carcassonne\" target=\"_blank\">Carcassonne <\/a>i, men i original var det en plastinsats som varken var snygg eller rymde alla expansioner jag hade. Varje fack \u00e4r det  specialstorlek p\u00e5 f\u00f6r att passa en specifik expansion. L\u00e5dan \u00e4r kl\u00e4dd p\u00e5 insidan med konstmocka och tr\u00e4et \u00e4r oljad ek. <\/p>\n<div style=\"clear: both;\">\n","protected":false},"excerpt":{"rendered":"<p>Det h\u00e4r \u00e4r det f\u00f6rsta jag \u00f6ver huvud taget snickrade till spel. L\u00e5dan \u00e4r k\u00f6pt och gjord f\u00f6r att ha Carcassonne i, men i original var det en plastinsats som varken var snygg eller rymde alla expansioner jag hade. Varje fack \u00e4r det specialstorlek p\u00e5 f\u00f6r att passa en specifik<a href=\"http:\/\/games.yonjuni.se\/sv\/snickeri\/carcassonne\/\" class=\"read-more\">Read the Rest&#8230;<\/a><\/p>\n","protected":false},"author":1,"featured_media":0,"parent":228,"menu_order":0,"comment_status":"closed","ping_status":"open","template":"fullwidth.php","meta":[],"jetpack_shortlink":"https:\/\/wp.me\/P3MIRQ-4O","jetpack_sharing_enabled":false,"_links":{"self":[{"href":"http:\/\/games.yonjuni.se\/sv\/wp-json\/wp\/v2\/pages\/298"}],"collection":[{"href":"http:\/\/games.yonjuni.se\/sv\/wp-json\/wp\/v2\/pages"}],"about":[{"href":"http:\/\/games.yonjuni.se\/sv\/wp-json\/wp\/v2\/types\/page"}],"author":[{"embeddable":true,"href":"http:\/\/games.yonjuni.se\/sv\/wp-json\/wp\/v2\/users\/1"}],"replies":[{"embeddable":true,"href":"http:\/\/games.yonjuni.se\/sv\/wp-json\/wp\/v2\/comments?post=298"}],"version-history":[{"count":21,"href":"http:\/\/games.yonjuni.se\/sv\/wp-json\/wp\/v2\/pages\/298\/revisions"}],"predecessor-version":[{"id":1225,"href":"http:\/\/games.yonjuni.se\/sv\/wp-json\/wp\/v2\/pages\/298\/revisions\/1225"}],"up":[{"embeddable":true,"href":"http:\/\/games.yonjuni.se\/sv\/wp-json\/wp\/v2\/pages\/228"}],"wp:attachment":[{"href":"http:\/\/games.yonjuni.se\/sv\/wp-json\/wp\/v2\/media?parent=298"}],"curies":[{"name":"wp","href":"https:\/\/api.w.org\/{rel}","templated":true}]}}