 {"id":255,"date":"2013-07-16T08:29:14","date_gmt":"2013-07-16T08:29:14","guid":{"rendered":"http:\/\/games.yonjuni.se\/?page_id=255"},"modified":"2013-10-17T10:36:08","modified_gmt":"2013-10-17T08:36:08","slug":"alfapet","status":"publish","type":"page","link":"http:\/\/games.yonjuni.se\/sv\/snickeri\/alfapet\/","title":{"rendered":"Alfapet"},"content":{"rendered":"<p><a href=\"http:\/\/games.yonjuni.se\/wordpress\/wp-content\/uploads\/2013\/07\/Sannas-scrabbletiles-2-redigerad.jpg\"><img loading=\"lazy\" src=\"http:\/\/games.yonjuni.se\/wordpress\/wp-content\/uploads\/2013\/07\/Sannas-scrabbletiles-2-redigerad.jpg\" alt=\"Sannas-scrabbletiles-2-redigerad\" width=\"212\" height=\"207\" class=\"alignleft size-full wp-image-241\" \/><\/a>En kompis best\u00e4llde ett <a href=\"http:\/\/boardgamegeek.com\/boardgame\/320\/scrabble\" title=\"Scrabble\" target=\"_blank\">scrabble<\/a>-spel till sin fru i 40-\u00e5rspresent. Jag fick uppdraget att tillverka brickorna i tr\u00e4 med svenska bokst\u00e4ver. Min syster hj\u00e4lpte mig skriva bokst\u00e4verna och siffrorna. Brickorna \u00e4r gjorda i asp som \u00e4r lackad och polerad med olja och fin st\u00e5lull.<\/p>\n<div style=\"clear: both;\">\n","protected":false},"excerpt":{"rendered":"<p>En kompis best\u00e4llde ett scrabble-spel till sin fru i 40-\u00e5rspresent. Jag fick uppdraget att tillverka brickorna i tr\u00e4 med svenska bokst\u00e4ver. Min syster hj\u00e4lpte mig skriva bokst\u00e4verna och siffrorna. Brickorna \u00e4r gjorda i asp som \u00e4r lackad och polerad med olja och fin st\u00e5lull.<\/p>\n","protected":false},"author":1,"featured_media":0,"parent":228,"menu_order":0,"comment_status":"closed","ping_status":"open","template":"fullwidth.php","meta":[],"jetpack_shortlink":"https:\/\/wp.me\/P3MIRQ-47","jetpack_sharing_enabled":false,"_links":{"self":[{"href":"http:\/\/games.yonjuni.se\/sv\/wp-json\/wp\/v2\/pages\/255"}],"collection":[{"href":"http:\/\/games.yonjuni.se\/sv\/wp-json\/wp\/v2\/pages"}],"about":[{"href":"http:\/\/games.yonjuni.se\/sv\/wp-json\/wp\/v2\/types\/page"}],"author":[{"embeddable":true,"href":"http:\/\/games.yonjuni.se\/sv\/wp-json\/wp\/v2\/users\/1"}],"replies":[{"embeddable":true,"href":"http:\/\/games.yonjuni.se\/sv\/wp-json\/wp\/v2\/comments?post=255"}],"version-history":[{"count":16,"href":"http:\/\/games.yonjuni.se\/sv\/wp-json\/wp\/v2\/pages\/255\/revisions"}],"predecessor-version":[{"id":1224,"href":"http:\/\/games.yonjuni.se\/sv\/wp-json\/wp\/v2\/pages\/255\/revisions\/1224"}],"up":[{"embeddable":true,"href":"http:\/\/games.yonjuni.se\/sv\/wp-json\/wp\/v2\/pages\/228"}],"wp:attachment":[{"href":"http:\/\/games.yonjuni.se\/sv\/wp-json\/wp\/v2\/media?parent=255"}],"curies":[{"name":"wp","href":"https:\/\/api.w.org\/{rel}","templated":true}]}}