 {"id":242,"date":"2013-07-15T14:37:22","date_gmt":"2013-07-15T14:37:22","guid":{"rendered":"http:\/\/games.yonjuni.se\/?page_id=242"},"modified":"2015-06-24T13:10:32","modified_gmt":"2015-06-24T11:10:32","slug":"dominion","status":"publish","type":"page","link":"http:\/\/games.yonjuni.se\/sv\/snickeri\/dominion\/","title":{"rendered":"Dominion"},"content":{"rendered":"<p><a href=\"http:\/\/games.yonjuni.se\/wordpress\/wp-content\/uploads\/2013\/07\/Custom-2.jpg\"><img loading=\"lazy\" class=\"alignleft  wp-image-240\" alt=\"Custom 2\" src=\"http:\/\/games.yonjuni.se\/wordpress\/wp-content\/uploads\/2013\/07\/Custom-2.jpg\" width=\"252\" height=\"175\" \/><\/a>Det h\u00e4r var den f\u00f6rsta l\u00e5dan jag gjorde till <a href=\"http:\/\/www.boardgamegeek.com\/geeksearch.php?action=search&#038;objecttype=boardgame&#038;q=dominion&#038;B1=Go\" title=\"Dominion\" target=\"_blank\">Dominion<\/a>. Den rymmer grundspelet och tv\u00e5 expansioner. Mer fanns inte d\u00e5. Indexkorten har jag laddat ned fr\u00e5n <a href=\"http:\/\/www.boardgamegeek.com\/\" title=\"BGG\" target=\"_blank\">boardgamegeek.com<\/a>. L\u00e5dan \u00e4r gjord i oljad ek kl\u00e4dd p\u00e5 insidan med konstmocka. <\/p>\n<div style=\"clear: both;\">\n<p><a href=\"http:\/\/games.yonjuni.se\/wordpress\/wp-content\/uploads\/2013\/07\/Custom-1.jpg\"><img loading=\"lazy\" class=\"alignleft  wp-image-239\" alt=\"Custom 1\" src=\"http:\/\/games.yonjuni.se\/wordpress\/wp-content\/uploads\/2013\/07\/Custom-1.jpg\" width=\"252\" height=\"175\" \/><\/a><\/p>\n<p><a href=\"http:\/\/games.yonjuni.se\/wordpress\/wp-content\/uploads\/2013\/07\/Mickes-6.png\"><img loading=\"lazy\" src=\"http:\/\/games.yonjuni.se\/wordpress\/wp-content\/uploads\/2013\/07\/Mickes-6.png\" alt=\"Mickes 6\" width=\"252\" height=\"175\" class=\"alignleft size-full wp-image-264\" \/><\/a><\/p>\n<p>H\u00e4r \u00e4r en annan variant av l\u00e5dan. Prickarna i asp \u00e4r f\u00f6r att man inte ska v\u00e4nda locket fel. L\u00e5dan \u00e4r gjord i oljad ek, kl\u00e4dd p\u00e5 insidan med konstmocka.<\/p>\n<div style=\"clear: both;\">\n<style> \n.newline { \nclear: both; \n} \n.imagecontainerforbigimageandsmallimages { \nfloat: left; \npadding: 0;\nmargin: 0;\nborder: 0;\n} \n.bigfloatingimage { \nfloat: left; \n} \n.twosmallimagesfloating { \nfloat: left; \n} \n<\/style>\n<div class=\"newline\">\n<div class=\"imagecontainerforbigimageandsmallimages\">\n<div class=\"bigfloatingimage\">\n                       <a href=\"http:\/\/games.yonjuni.se\/wordpress\/wp-content\/uploads\/2013\/08\/Dominion\u00e5da_beskuren.jpg\"><img loading=\"lazy\" src=\"http:\/\/games.yonjuni.se\/wordpress\/wp-content\/uploads\/2013\/08\/Dominion\u00e5da_beskuren.jpg\" alt=\"Dominion\u00e5da_beskuren\" width=\"252\" height=\"355\" class=\"alignnone size-full wp-image-747\" \/><\/a>\n                <\/div>\n<div class=\"twosmallimagesfloating\">\n<div class=\"newline\">\n                                <a href=\"http:\/\/games.yonjuni.se\/wordpress\/wp-content\/uploads\/2013\/08\/DSC_9433_beskuren.jpg\"><img loading=\"lazy\" src=\"http:\/\/games.yonjuni.se\/wordpress\/wp-content\/uploads\/2013\/08\/DSC_9433_beskuren.jpg\" alt=\"DSC_9433_beskuren\" width=\"252\" height=\"161\" class=\"alignnone size-full wp-image-730\" \/><\/a>\n                        <\/div>\n<div class=\"newline\" \/>\n                                <a href=\"http:\/\/games.yonjuni.se\/wordpress\/wp-content\/uploads\/2013\/08\/DSC_9428_beskuren.jpg\"><img loading=\"lazy\" src=\"http:\/\/games.yonjuni.se\/wordpress\/wp-content\/uploads\/2013\/08\/DSC_9428_beskuren.jpg\" alt=\"DSC_9428_beskuren\" width=\"252\" height=\"166\" class=\"alignnone size-full wp-image-729\" \/><\/a>\n                        <\/div>\n<\/p><\/div>\n<\/p><\/div>\n<p>        F\u00f6rsta l\u00e5dan jag gjorde till mig sj\u00e4lv. Den rymmer alla expansioner fram tom <a href=\"http:\/\/boardgamegeek.com\/boardgameexpansion\/90850\/dominion-cornucopia\" title=\"Dominion Cornucopia\" target=\"_blank\">Cornucopia<\/a>. Den m\u00f6rka randen i svartek \u00e4r f\u00f6rvisso en snygg detalj men den tillkom f\u00f6r att jag hade m\u00e4tt fel p\u00e5 h\u00f6jden p\u00e5 locket och var tvungen att l\u00e4gga p\u00e5 lite. Resten av l\u00e5dan \u00e4r i &#8221;vanlig&#8221; ek, kl\u00e4dd p\u00e5 insidan med konstmocka. P\u00e5 insidan \u00e4r den oljad men p\u00e5 utsidan har jag lackat den f\u00f6r att den inte ska vara lika k\u00e4nslig f\u00f6r fukt. Lacken \u00e4r som vanligt polerad med olja och fin st\u00e5lull. Alla dominionl\u00e5dor efter denna har jag ytbehandlat p\u00e5 samma s\u00e4tt. Indexkorten har jag ocks\u00e5 designat. I v\u00e4nstra h\u00f6rnet \u00e4r det ett fack som \u00e4r dubbelt s\u00e5 brett som de andra. D\u00e4r f\u00e5r plattorna plats som h\u00f6r till bla <a href=\"http:\/\/boardgamegeek.com\/boardgameexpansion\/51811\/dominion-seaside\" target=\"_blank\">Seaside<\/a>.\n<\/div>\n<div style=\"clear: both;\">\n<style> \n.columnimage { \n        width: 252px; \n        height: 175px; \n} \n.columncontainer { \n        clear: both; \n        width: auto; \n} \n.twoimagecolumn { \n        width: 550px; \n        float: left; \n} \n.textcolumn { \n        float: left; \n        width: 500px; \n} \n<\/style>\n<div class=\"columncontainer\">\n<div class=\"twoimagecolumn\">\n<a href=\"http:\/\/games.yonjuni.se\/wordpress\/wp-content\/uploads\/2013\/08\/DSC_9391.jpg\" style=\"float:left;\"><img loading=\"lazy\" src=\"http:\/\/games.yonjuni.se\/wordpress\/wp-content\/uploads\/2013\/08\/DSC_9391.jpg\" alt=\"DSC_9391\" width=\"252\" height=\"175\"  class=\"alignleft size-full\" \/><\/a><a href=\"http:\/\/games.yonjuni.se\/wordpress\/wp-content\/uploads\/2013\/08\/DSC_9395.jpg\" style=\"float:left;\"><img loading=\"lazy\" src=\"http:\/\/games.yonjuni.se\/wordpress\/wp-content\/uploads\/2013\/08\/DSC_9395.jpg\" alt=\"DSC_9395\" width=\"252\" height=\"175\"  class=\"alignleft size-full\" \/><\/a><br \/>\n<a href=\"http:\/\/games.yonjuni.se\/wordpress\/wp-content\/uploads\/2013\/08\/DSC_9416.jpg\" style=\"float:left;\"><img loading=\"lazy\" src=\"http:\/\/games.yonjuni.se\/wordpress\/wp-content\/uploads\/2013\/08\/DSC_9416.jpg\" alt=\"DSC_9416\" width=\"252\" height=\"175\"  class=\"alignleft size-full\" \/><\/a><br \/>\n<a href=\"http:\/\/games.yonjuni.se\/wordpress\/wp-content\/uploads\/2013\/08\/DSC_9417.jpg\" style=\"float:left;\"><img loading=\"lazy\" src=\"http:\/\/games.yonjuni.se\/wordpress\/wp-content\/uploads\/2013\/08\/DSC_9417.jpg\" alt=\"DSC_9417\" width=\"252\" height=\"175\"  class=\"alignleft size-full\" \/><\/a><br \/>\n<a href=\"http:\/\/games.yonjuni.se\/wordpress\/wp-content\/uploads\/2013\/08\/DSC_9423.jpg\" style=\"float:left;\"><img loading=\"lazy\" src=\"http:\/\/games.yonjuni.se\/wordpress\/wp-content\/uploads\/2013\/08\/DSC_9423.jpg\" alt=\"DSC_9423\" width=\"252\" height=\"175\"  class=\"alignleft size-full\" \/><\/a>\n        <\/div>\n<div class=\"textcolumn\">\n                Det h\u00e4r \u00e4r den senaste designen p\u00e5 dominionl\u00e5dor. Denna rymmer alla expansioner tom &#8221;Guilds&#8221; \u00e4ven med sleeves och har \u00e4nd\u00e5 gott om plats till alla tokens och plattor. Utan sleeves f\u00e5r \u00e4ven &#8221;Adventures&#8221; plats. Uppl\u00e4gget \u00e4r detsamma som i f\u00f6rra l\u00e5dan, jag har bara breddat den med tv\u00e5 par fack till.  Till mig sj\u00e4lv har jag gjort ett par insatser som rymmer tokens och t\u00e4rningar att slumpa vilka kort man anv\u00e4nder. De syns p\u00e5 n\u00e5gra av bilderna. N\u00e4r de h\u00e4r gjordes s\u00e5 var den marinbl\u00e5 konstmockan slut och p\u00e5 <a href=\"http:\/\/www.hemtex.se\/\" title=\"Hemtex\" target=\"_blank\">hemtex <\/a>fanns bara r\u00f6d. S\u00e5 l\u00e5dan med bl\u00e5tt tyg \u00e4r kl\u00e4dd med ett nylontyg som var riktigt sv\u00e5rt att limma eftersom det var s\u00e5 tunnt och inte alls elastiskt. Sedan dess anv\u00e4nder jag bara konstmocka.\n        <\/div>\n<\/div>\n<div style=\"clear: both;\">\n<p>Ett exemplar av den stora l\u00e5dan (13 fack) med bl\u00e5tt tyg och utan insatser g\u00e5r att k\u00f6pa i butiken <a href=\"http:\/\/www.dragonslair.se\/\" target=\"_blank\">Dragons Lair<\/a> i Stockholm.<\/p>\n","protected":false},"excerpt":{"rendered":"<p>Det h\u00e4r var den f\u00f6rsta l\u00e5dan jag gjorde till Dominion. Den rymmer grundspelet och tv\u00e5 expansioner. Mer fanns inte d\u00e5. Indexkorten har jag laddat ned fr\u00e5n boardgamegeek.com. L\u00e5dan \u00e4r gjord i oljad ek kl\u00e4dd p\u00e5 insidan med konstmocka. H\u00e4r \u00e4r en annan variant av l\u00e5dan. Prickarna i asp \u00e4r f\u00f6r<a href=\"http:\/\/games.yonjuni.se\/sv\/snickeri\/dominion\/\" class=\"read-more\">Read the Rest&#8230;<\/a><\/p>\n","protected":false},"author":1,"featured_media":0,"parent":228,"menu_order":0,"comment_status":"closed","ping_status":"open","template":"fullwidth.php","meta":[],"jetpack_shortlink":"https:\/\/wp.me\/P3MIRQ-3U","jetpack_sharing_enabled":false,"_links":{"self":[{"href":"http:\/\/games.yonjuni.se\/sv\/wp-json\/wp\/v2\/pages\/242"}],"collection":[{"href":"http:\/\/games.yonjuni.se\/sv\/wp-json\/wp\/v2\/pages"}],"about":[{"href":"http:\/\/games.yonjuni.se\/sv\/wp-json\/wp\/v2\/types\/page"}],"author":[{"embeddable":true,"href":"http:\/\/games.yonjuni.se\/sv\/wp-json\/wp\/v2\/users\/1"}],"replies":[{"embeddable":true,"href":"http:\/\/games.yonjuni.se\/sv\/wp-json\/wp\/v2\/comments?post=242"}],"version-history":[{"count":111,"href":"http:\/\/games.yonjuni.se\/sv\/wp-json\/wp\/v2\/pages\/242\/revisions"}],"predecessor-version":[{"id":1339,"href":"http:\/\/games.yonjuni.se\/sv\/wp-json\/wp\/v2\/pages\/242\/revisions\/1339"}],"up":[{"embeddable":true,"href":"http:\/\/games.yonjuni.se\/sv\/wp-json\/wp\/v2\/pages\/228"}],"wp:attachment":[{"href":"http:\/\/games.yonjuni.se\/sv\/wp-json\/wp\/v2\/media?parent=242"}],"curies":[{"name":"wp","href":"https:\/\/api.w.org\/{rel}","templated":true}]}}