 {"id":237,"date":"2013-07-15T14:30:42","date_gmt":"2013-07-15T14:30:42","guid":{"rendered":"http:\/\/games.yonjuni.se\/?page_id=237"},"modified":"2015-02-03T14:03:47","modified_gmt":"2015-02-03T13:03:47","slug":"croquinole","status":"publish","type":"page","link":"http:\/\/games.yonjuni.se\/sv\/snickeri\/croquinole\/","title":{"rendered":"Croquinole"},"content":{"rendered":"<style> \n.columnimage { \n        width: 252px; \n        height: 175px; \n} \n.columncontainer { \n        clear: both; \n        width: auto; \n} \n.twoimagecolumn { \n        width: 525px; \n        float: left; \n} \n.textcolumn { \n        float: left; \n        width: 525px; \n} \n<\/style>\n<div class=\"columncontainer\">\n<div class=\"twoimagecolumn\">\n<a href=\"http:\/\/games.yonjuni.se\/wordpress\/wp-content\/uploads\/2013\/07\/Croquinole-perspektiv.png\"><img loading=\"lazy\" src=\"http:\/\/games.yonjuni.se\/wordpress\/wp-content\/uploads\/2013\/07\/Croquinole-perspektiv.png\" alt=\"Croquinole perspektiv\" width=\"240\" height=\"160\" class=\"alignleft size-full wp-image-269\" \/><\/a><a href=\"http:\/\/games.yonjuni.se\/wordpress\/wp-content\/uploads\/2013\/07\/Croquinole-details-2.png\"><img loading=\"lazy\" src=\"http:\/\/games.yonjuni.se\/wordpress\/wp-content\/uploads\/2013\/07\/Croquinole-details-2.png\" alt=\"Croquinole details 2\" width=\"240\" height=\"160\" class=\"alignleft size-full wp-image-267\" style=\"float:left;\" \/><\/a><br \/>\n<a href=\"http:\/\/games.yonjuni.se\/wordpress\/wp-content\/uploads\/2013\/07\/Croquinole-details.png\"><img loading=\"lazy\" src=\"http:\/\/games.yonjuni.se\/wordpress\/wp-content\/uploads\/2013\/07\/Croquinole-details.png\" alt=\"Croquinole details\" width=\"240\" height=\"160\" class=\"alignleft size-full wp-image-268\" style=\"float:left;\" \/><\/a><br \/>\n<a href=\"http:\/\/games.yonjuni.se\/wordpress\/wp-content\/uploads\/2013\/07\/Croquinole-uppifr\u00e5n.png\"><img loading=\"lazy\" src=\"http:\/\/games.yonjuni.se\/wordpress\/wp-content\/uploads\/2013\/07\/Croquinole-uppifr\u00e5n.png\" alt=\"Croquinole uppifr\u00e5n\" width=\"240\" height=\"160\" class=\"alignleft size-full wp-image-263\" \/><\/a>        <\/div>\n<div class=\"textcolumn\">\n                H\u00e4r \u00e4r lite bilder p\u00e5 en av tv\u00e5 likadana <a href=\"http:\/\/boardgamegeek.com\/boardgame\/521\/crokinole\" title=\"Croquinole\" target=\"_blank\">Croquinole<\/a>-br\u00e4dor jag hittils gjort. <\/p>\n<p>Spelytan och botten i r\u00e4nnan \u00e4r bj\u00f6rkfan\u00e9r, faktiskt gjorda av <a href=\"http:\/\/www.ikea.com\/se\/sv\/\" title=\"IKEA\" target=\"_blank\">IKEA<\/a>&#8216;s t\u00e4cksidor till k\u00f6kssk\u00e5p. IKEA har mycket bra snickerimaterial man kan k\u00f6pa billigt p\u00e5 fyndh\u00f6rnan! Piggarna \u00e4r faktiskt ocks\u00e5 fr\u00e5n IKEA, det \u00e4r monteringsbeslag som jag s\u00e5gat av hatten p\u00e5 och tr\u00e4tt p\u00e5 en plastslang.  Kanten p\u00e5 spelytan och yttersargen \u00e4r ek som jag b\u00f6jt efter att ha lagt lister i vatten ett par veckor f\u00f6r att bli mjuka. F\u00f6rsta g\u00e5ngen anv\u00e4nde jag tunna avloppsr\u00f6r i plast (nej, de var inte begagnade) men tr\u00e4et sv\u00e4llde s\u00e5 mycket att jag var tvungen att sk\u00e4ra upp r\u00f6ren f\u00f6r att f\u00e5 ut det. Ringarna \u00e4r utfr\u00e4sta och fyllda med n\u00e5tningsmassa, s\u00e5nt man anv\u00e4nder till d\u00e4ckspringor p\u00e5 b\u00e5tar. Sen \u00e4r allt slipat och lackat med flera lager klarlack. Till slut har jag polerat ytan med olja och fin st\u00e5lull f\u00f6r att f\u00e5 en matt och mycket sl\u00e4t och glatt yta.          <\/div>\n<\/div>\n","protected":false},"excerpt":{"rendered":"<p>H\u00e4r \u00e4r lite bilder p\u00e5 en av tv\u00e5 likadana Croquinole-br\u00e4dor jag hittils gjort. Spelytan och botten i r\u00e4nnan \u00e4r bj\u00f6rkfan\u00e9r, faktiskt gjorda av IKEA&#8216;s t\u00e4cksidor till k\u00f6kssk\u00e5p. IKEA har mycket bra snickerimaterial man kan k\u00f6pa billigt p\u00e5 fyndh\u00f6rnan! Piggarna \u00e4r faktiskt ocks\u00e5 fr\u00e5n IKEA, det \u00e4r monteringsbeslag som jag s\u00e5gat<a href=\"http:\/\/games.yonjuni.se\/sv\/snickeri\/croquinole\/\" class=\"read-more\">Read the Rest&#8230;<\/a><\/p>\n","protected":false},"author":1,"featured_media":0,"parent":228,"menu_order":0,"comment_status":"closed","ping_status":"open","template":"fullwidth.php","meta":[],"jetpack_shortlink":"https:\/\/wp.me\/P3MIRQ-3P","jetpack_sharing_enabled":false,"_links":{"self":[{"href":"http:\/\/games.yonjuni.se\/sv\/wp-json\/wp\/v2\/pages\/237"}],"collection":[{"href":"http:\/\/games.yonjuni.se\/sv\/wp-json\/wp\/v2\/pages"}],"about":[{"href":"http:\/\/games.yonjuni.se\/sv\/wp-json\/wp\/v2\/types\/page"}],"author":[{"embeddable":true,"href":"http:\/\/games.yonjuni.se\/sv\/wp-json\/wp\/v2\/users\/1"}],"replies":[{"embeddable":true,"href":"http:\/\/games.yonjuni.se\/sv\/wp-json\/wp\/v2\/comments?post=237"}],"version-history":[{"count":71,"href":"http:\/\/games.yonjuni.se\/sv\/wp-json\/wp\/v2\/pages\/237\/revisions"}],"predecessor-version":[{"id":1289,"href":"http:\/\/games.yonjuni.se\/sv\/wp-json\/wp\/v2\/pages\/237\/revisions\/1289"}],"up":[{"embeddable":true,"href":"http:\/\/games.yonjuni.se\/sv\/wp-json\/wp\/v2\/pages\/228"}],"wp:attachment":[{"href":"http:\/\/games.yonjuni.se\/sv\/wp-json\/wp\/v2\/media?parent=237"}],"curies":[{"name":"wp","href":"https:\/\/api.w.org\/{rel}","templated":true}]}}