 {"id":233,"date":"2013-07-15T14:28:01","date_gmt":"2013-07-15T14:28:01","guid":{"rendered":"http:\/\/games.yonjuni.se\/?page_id=233"},"modified":"2017-01-23T14:38:35","modified_gmt":"2017-01-23T13:38:35","slug":"the-ogels-building-a-tower","status":"publish","type":"page","link":"http:\/\/games.yonjuni.se\/sv\/bradspel\/the-ogels-building-a-tower\/","title":{"rendered":"The Ogels: Building a Tower"},"content":{"rendered":"<p><a href=\"http:\/\/games.yonjuni.se\/wordpress\/wp-content\/uploads\/2014\/01\/l\u00e5dfront.jpg\"><img loading=\"lazy\" src=\"http:\/\/games.yonjuni.se\/wordpress\/wp-content\/uploads\/2014\/01\/l\u00e5dfront-300x300.jpg\" alt=\"l\u00e5dfront\" width=\"355\" height=\"355\" class=\"alignleft size-medium wp-image-1254\" srcset=\"http:\/\/games.yonjuni.se\/wordpress\/wp-content\/uploads\/2014\/01\/l\u00e5dfront-300x300.jpg 300w, http:\/\/games.yonjuni.se\/wordpress\/wp-content\/uploads\/2014\/01\/l\u00e5dfront-150x150.jpg 150w, http:\/\/games.yonjuni.se\/wordpress\/wp-content\/uploads\/2014\/01\/l\u00e5dfront-1024x1024.jpg 1024w\" sizes=\"(max-width: 355px) 100vw, 355px\" \/><\/a><a href=\"http:\/\/games.yonjuni.se\/wordpress\/wp-content\/uploads\/2015\/04\/IMG_0117.jpg\"><img loading=\"lazy\" src=\"http:\/\/games.yonjuni.se\/wordpress\/wp-content\/uploads\/2015\/04\/IMG_0117-225x300.jpg\" alt=\"IMG_0117\" width=\"266\" height=\"355\" class=\"alignnone size-medium wp-image-1323\" srcset=\"http:\/\/games.yonjuni.se\/wordpress\/wp-content\/uploads\/2015\/04\/IMG_0117-225x300.jpg 225w, http:\/\/games.yonjuni.se\/wordpress\/wp-content\/uploads\/2015\/04\/IMG_0117-768x1024.jpg 768w, http:\/\/games.yonjuni.se\/wordpress\/wp-content\/uploads\/2015\/04\/IMG_0117-300x400.jpg 300w\" sizes=\"(max-width: 266px) 100vw, 266px\" \/><\/a><a href=\"http:\/\/games.yonjuni.se\/wordpress\/wp-content\/uploads\/2015\/04\/br\u00e4de-sand.png\"><img loading=\"lazy\" src=\"http:\/\/games.yonjuni.se\/wordpress\/wp-content\/uploads\/2015\/04\/br\u00e4de-sand-298x300.png\" alt=\"br\u00e4de-sand\" width=\"353\" height=\"355\" class=\"alignnone size-medium wp-image-1326\" srcset=\"http:\/\/games.yonjuni.se\/wordpress\/wp-content\/uploads\/2015\/04\/br\u00e4de-sand-298x300.png 298w, http:\/\/games.yonjuni.se\/wordpress\/wp-content\/uploads\/2015\/04\/br\u00e4de-sand-150x150.png 150w, http:\/\/games.yonjuni.se\/wordpress\/wp-content\/uploads\/2015\/04\/br\u00e4de-sand-1016x1024.png 1016w, http:\/\/games.yonjuni.se\/wordpress\/wp-content\/uploads\/2015\/04\/br\u00e4de-sand-300x302.png 300w\" sizes=\"(max-width: 353px) 100vw, 353px\" \/><\/a><\/p>\n<div style=\"clear: both;\">\n<p>Det h\u00e4r \u00e4r \u00e4n s\u00e5 l\u00e4nge bara en prototyp.<\/p>\n<p>Spelet finns dock upplagt p\u00e5 <a title=\"The Ogels: Building a Tower\" href=\"http:\/\/boardgamegeek.com\/boardgame\/127709\/ogels-building-a-tower\" target=\"_blank\">boardgamegeek<\/a>!<\/p>\n<p>2016 var spelet med i <a href=\"https:\/\/boardgamegeek.com\/thread\/1509434\/kbg-design-contest-2016\">Korean Board Games Design Contest<\/a> och kom till final!<\/p>\n<p>Det h\u00e4r \u00e4r ett spel som g\u00e5r ut p\u00e5 att bygga det h\u00f6gsta tornet. Bygger g\u00f6r man med byggklossar i plast i \u00e5tta olika f\u00e4rger. <\/p>\n<p>Byggklossarna plockas under spelets g\u00e5ng fr\u00e5n en l\u00e5da med 6 x 6 fack d\u00e4r endast n\u00e5gra fack \u00e4r tillg\u00e4ngliga i varje spelomg\u00e5ng. Vilka fack som \u00e4r tillg\u00e4ngliga slumpas med t\u00e4rningar. I f\u00f6rberedelserna l\u00e4ggs byggklossarna i l\u00e5dan som skakas upp-och-ned. N\u00e4r l\u00e5dan v\u00e4nds r\u00e4tt f\u00f6rdelas klossarna i de olika facken. <\/p>\n<p>Fr\u00e5n en lek med &#8221;byggorder&#8221; l\u00e4ggs en rad med fyra tillg\u00e4ngliga order och ovan den tv\u00e5 rader med framtida byggorder. <\/p>\n<p>Varje spelare f\u00e5r sex handlingskort numrerade 1,2,2,3,3,4, n\u00e5gra specialkort och en basplatta i sin f\u00e4rg att bygga p\u00e5. <\/p>\n<p>Spelet spelas i sex omg\u00e5ngar. Varje omg\u00e5ng b\u00f6rjar med att varje spelare hemligt v\u00e4ljer en av sina sex handlingskort. Alla visar sedan vilket kort de valt och f\u00e5r lika m\u00e5nga handlingar som siffran p\u00e5 kortet. Det valda kortet sakas efter omg\u00e5ngen \u00e4r slut och f\u00e5r inte anv\u00e4ndas igen.<\/p>\n<p>Spelarna turas om att v\u00e4lja en av f\u00f6ljande tillg\u00e4ngliga handlingar: <\/p>\n<p>&#8211; Ta byggklossar fr\u00e5n ett av de tillg\u00e4ngliga facken.<br \/>\n&#8211; Ta en byggorder och bygg enligt den (men du beh\u00f6ver ju f\u00f6rst ha de klossarna). N\u00e4r ett kort anv\u00e4nds flyttas de ovanf\u00f6r ned ett steg och det nedre blir nu tillg\u00e4ngligt. Fyll p\u00e5 med ett kort h\u00f6gst upp.<br \/>\n&#8211; Saka alla byggorder i nedre raden, flytta ned de \u00f6vre raderna och fyll p\u00e5 h\u00f6gst upp.<br \/>\n&#8211; Sl\u00e5 om t\u00e4rningarna och flytta flaggorna som visar vilka fack som \u00e4r tillg\u00e4ngliga.<br \/>\n&#8211; Passa (g\u00f6r ingenting). <\/p>\n<p>I slutet av varje omg\u00e5ng sl\u00e5r man om t\u00e4rningarna och flyttar alla flaggor f\u00f6r att g\u00f6ra nya fack tillg\u00e4ngliga. Rensa raden med tillg\u00e4ngliga byggorder, flytta ned de \u00f6vre raderna och fyll p\u00e5 den \u00f6versta raden. <\/p>\n<p>Vissa byggorders \u00e4r speciella p\u00e5 det s\u00e4ttet att man bygger inte f\u00f6rr\u00e4n i slutet av spelet och l\u00e5ter dig bygga beroende p\u00e5 hur ditt torn ser ut (f\u00e4rger, m\u00f6nster). <\/p>\n<p>Vissa byggorder anv\u00e4nder grannens byggstenar, kanske till och med tagna ur hans torn. Vissa order m\u00f6blerar om i ditt eller andras torn eller l\u00e5ter dig s\u00e4tta in byggklossar mitt i tornet. Det finns ocks\u00e5 kort som ist\u00e4llet f\u00f6r att l\u00e5ta dig bygga manipulerar handlingar p\u00e5 ett eller annat s\u00e4tt. <\/p>\n<p>H\u00f6gst torn n\u00e4r spelet \u00e4r slut vinner. <\/p>\n<p>Grafiken \u00e4r designad av <a href=\"http:\/\/agnesforsell.se\/\" target=\"_blank\">Agnes Forsell<\/a>.<\/p>\n","protected":false},"excerpt":{"rendered":"<p>Det h\u00e4r \u00e4r \u00e4n s\u00e5 l\u00e4nge bara en prototyp. Spelet finns dock upplagt p\u00e5 boardgamegeek! 2016 var spelet med i Korean Board Games Design Contest och kom till final! Det h\u00e4r \u00e4r ett spel som g\u00e5r ut p\u00e5 att bygga det h\u00f6gsta tornet. Bygger g\u00f6r man med byggklossar i plast<a href=\"http:\/\/games.yonjuni.se\/sv\/bradspel\/the-ogels-building-a-tower\/\" class=\"read-more\">Read the Rest&#8230;<\/a><\/p>\n","protected":false},"author":1,"featured_media":0,"parent":986,"menu_order":0,"comment_status":"closed","ping_status":"open","template":"fullwidth.php","meta":[],"jetpack_shortlink":"https:\/\/wp.me\/P3MIRQ-3L","jetpack_sharing_enabled":false,"_links":{"self":[{"href":"http:\/\/games.yonjuni.se\/sv\/wp-json\/wp\/v2\/pages\/233"}],"collection":[{"href":"http:\/\/games.yonjuni.se\/sv\/wp-json\/wp\/v2\/pages"}],"about":[{"href":"http:\/\/games.yonjuni.se\/sv\/wp-json\/wp\/v2\/types\/page"}],"author":[{"embeddable":true,"href":"http:\/\/games.yonjuni.se\/sv\/wp-json\/wp\/v2\/users\/1"}],"replies":[{"embeddable":true,"href":"http:\/\/games.yonjuni.se\/sv\/wp-json\/wp\/v2\/comments?post=233"}],"version-history":[{"count":52,"href":"http:\/\/games.yonjuni.se\/sv\/wp-json\/wp\/v2\/pages\/233\/revisions"}],"predecessor-version":[{"id":1427,"href":"http:\/\/games.yonjuni.se\/sv\/wp-json\/wp\/v2\/pages\/233\/revisions\/1427"}],"up":[{"embeddable":true,"href":"http:\/\/games.yonjuni.se\/sv\/wp-json\/wp\/v2\/pages\/986"}],"wp:attachment":[{"href":"http:\/\/games.yonjuni.se\/sv\/wp-json\/wp\/v2\/media?parent=233"}],"curies":[{"name":"wp","href":"https:\/\/api.w.org\/{rel}","templated":true}]}}