 {"id":228,"date":"2013-07-15T11:44:43","date_gmt":"2013-07-15T11:44:43","guid":{"rendered":"http:\/\/games.yonjuni.se\/?page_id=228"},"modified":"2020-02-27T15:13:27","modified_gmt":"2020-02-27T14:13:27","slug":"snickeri","status":"publish","type":"page","link":"http:\/\/games.yonjuni.se\/sv\/snickeri\/","title":{"rendered":"Snickeri"},"content":{"rendered":"<p>Ut\u00f6ver att spela och designa spel s\u00e5 snickrar jag g\u00e4rna tillbeh\u00f6r till mina spel. Det b\u00f6rjade med ett behov, jag hade dyrk\u00f6pta deluxe-l\u00e5dor till ett par spel d\u00e4r spelet med alla expansioner inte fick plats (tex <a href=\"http:\/\/boardgamegeek.com\/boardgame\/822\/carcassonne\" target=\"_blank\" rel=\"noopener noreferrer\">Carcassonne<\/a>), d\u00e5 byggde jag en insats som var b\u00e4ttre och snyggare. Sen fick jag en f\u00f6rfr\u00e5gan fr\u00e5n en kompis att hj\u00e4lpa honom sk\u00e4ra till en l\u00e5da till <a href=\"http:\/\/boardgamegeek.com\/boardgame\/36218\/dominion\" target=\"_blank\" rel=\"noopener noreferrer\">Dominion <\/a>i papp, men jag byggde en i tr\u00e4 ist\u00e4llet. Nu n\u00e5gra \u00e5r senare har jag gjort flera Dominionl\u00e5dor i alla m\u00f6jliga utf\u00f6randen. T\u00e4rningssk\u00e5larna \u00e4r ocks\u00e5 n\u00e5got jag b\u00f6rjade med tidigt, efter att ha sett en anv\u00e4ndas p\u00e5 ett spelkonvent. Sj\u00e4lvklart snickrar jag annat \u00e4n spel ocks\u00e5, men det h\u00f6r inte hemma p\u00e5 h\u00e4r.<\/p>\n<style> \n.columncontainer { \n        clear: both; \n        width: auto; \n} \n.column1 { \n        width: 300px; \n        float: left; \n} \n.column2 { \n        float: left; \n        width: 300px; \n} \n.column3 { \n        float: left; \n        width: 300px; \n} \n<\/style>\n<div class=\"columncontainer\">\n<div class=\"column1\">\n<a href=\"http:\/\/games.yonjuni.se\/wordpress\/wp-content\/uploads\/2013\/07\/Sannas-scrabbletiles-2-redigerad.jpg\"><img loading=\"lazy\" src=\"http:\/\/games.yonjuni.se\/wordpress\/wp-content\/uploads\/2013\/07\/Sannas-scrabbletiles-2-redigerad.jpg\" alt=\"Sannas-scrabbletiles-2-redigerad\" width=\"52\" height=\"50\" class=\"alignnone size-full wp-image-241\" \/><\/a><a href=\"http:\/\/games.yonjuni.se\/sv\/alfapet\/\" title=\"Alfapet\">Alfapet<\/a><br \/>\n<a href=\"http:\/\/games.yonjuni.se\/wordpress\/wp-content\/uploads\/2013\/08\/DSC_9494.jpg\"><img loading=\"lazy\" src=\"http:\/\/games.yonjuni.se\/wordpress\/wp-content\/uploads\/2013\/08\/DSC_9494.jpg\" alt=\"DSC_9494\" width=\"52\" height=\"35\" class=\"alignnone size-full wp-image-690\" \/><\/a><a href=\"http:\/\/games.yonjuni.se\/sv\/ascension\/\" title=\"Ascension\">Ascension<\/a><br \/>\n<a href=\"http:\/\/games.yonjuni.se\/wordpress\/wp-content\/uploads\/2013\/07\/full-carcassonne-525.png\"><img loading=\"lazy\" src=\"http:\/\/games.yonjuni.se\/wordpress\/wp-content\/uploads\/2013\/07\/full-carcassonne-525.png\" alt=\"full carcassonne 525\" width=\"52\" height=\"78\" class=\"alignnone size-full wp-image-265\" \/><\/a><a href=\"http:\/\/games.yonjuni.se\/sv\/carcassonne\/\" title=\"Carcassonne\">Carcassonne<\/a><br \/>\n<a href=\"http:\/\/games.yonjuni.se\/wordpress\/wp-content\/uploads\/2020\/02\/IMG_0394.jpg\"><img loading=\"lazy\" src=\"http:\/\/games.yonjuni.se\/wordpress\/wp-content\/uploads\/2020\/02\/IMG_0394.jpg\" alt=\"Champions of Midgard\" width=\"52\" height=\"39\" class=\"alignnone size-full wp-image-1534\" srcset=\"http:\/\/games.yonjuni.se\/wordpress\/wp-content\/uploads\/2020\/02\/IMG_0394.jpg 4032w, http:\/\/games.yonjuni.se\/wordpress\/wp-content\/uploads\/2020\/02\/IMG_0394-300x225.jpg 300w, http:\/\/games.yonjuni.se\/wordpress\/wp-content\/uploads\/2020\/02\/IMG_0394-768x576.jpg 768w, http:\/\/games.yonjuni.se\/wordpress\/wp-content\/uploads\/2020\/02\/IMG_0394-1024x768.jpg 1024w\" sizes=\"(max-width: 52px) 100vw, 52px\" \/><\/a><a href=\"http:\/\/games.yonjuni.se\/sv\/champions-of-midgard\/\" title=\"Champions of Midgard\">Champions of Midgard<\/a><br \/>\n<a href=\"http:\/\/games.yonjuni.se\/wordpress\/wp-content\/uploads\/2013\/07\/Croquinole-perspektiv.png\"><img loading=\"lazy\" src=\"http:\/\/games.yonjuni.se\/wordpress\/wp-content\/uploads\/2013\/07\/Croquinole-perspektiv.png\" alt=\"Croquinole perspektiv\" width=\"52\" height=\"35\" class=\"alignnone size-full wp-image-269\" \/><\/a><a href=\"http:\/\/games.yonjuni.se\/sv\/croquinole\/\" title=\"Croquinole\">Croquinole<\/a><br \/>\n<a href=\"http:\/\/games.yonjuni.se\/wordpress\/wp-content\/uploads\/2013\/07\/Custom-2.jpg\"><img loading=\"lazy\" src=\"http:\/\/games.yonjuni.se\/wordpress\/wp-content\/uploads\/2013\/07\/Custom-2.jpg\" alt=\"Custom 2\" width=\"52\" height=\"35\" class=\"alignnone size-full wp-image-240\" \/><\/a><a href=\"http:\/\/games.yonjuni.se\/sv\/dominion\/\" title=\"Dominion\">Dominion<\/a>\n        <\/div>\n<\/p><\/div>\n<div class=\"column2\">\n<a href=\"http:\/\/games.yonjuni.se\/wordpress\/wp-content\/uploads\/2019\/04\/H\u00e5rpinnar.jpg\"><img loading=\"lazy\" src=\"http:\/\/games.yonjuni.se\/wordpress\/wp-content\/uploads\/2019\/04\/H\u00e5rpinnar.jpg\" alt=\"H\u00e5rpinnar\" width=\"52\" height=\"34\" class=\"alignnone size-full wp-image-1469\" \/><\/a><a href=\"http:\/\/games.yonjuni.se\/sv\/hairpins\/\" title=\"H\u00e5rn\u00e5lar\">H\u00e5rn\u00e5lar<\/a><br \/>\n<a href=\"http:\/\/games.yonjuni.se\/wordpress\/wp-content\/uploads\/2020\/02\/IMG_0890-1.jpg\"><img loading=\"lazy\" src=\"http:\/\/games.yonjuni.se\/wordpress\/wp-content\/uploads\/2020\/02\/IMG_0890-1.jpg\" alt=\"Keesdrow\" width=\"52\" height=\"34\" class=\"alignnone size-full wp-image-1506\" \/><\/a><a href=\"http:\/\/games.yonjuni.se\/sv\/box-for-keesdrow\/\" title=\"Keesdrow\">Keesdrow<\/a><br \/>\n<a href=\"http:\/\/games.yonjuni.se\/wordpress\/wp-content\/uploads\/2013\/08\/DSC_9491.jpg\"><img loading=\"lazy\" src=\"http:\/\/games.yonjuni.se\/wordpress\/wp-content\/uploads\/2013\/08\/DSC_9491.jpg\" alt=\"DSC_9491\" width=\"52\" height=\"35\" class=\"alignnone size-full wp-image-687\" \/><\/a><a href=\"http:\/\/games.yonjuni.se\/sv\/kortlada\/\" title=\"Kortl\u00e5da\">Kortl\u00e5da<\/a><br \/>\n<a href=\"http:\/\/games.yonjuni.se\/wordpress\/wp-content\/uploads\/2013\/07\/scorebr\u00e4da.jpg\"><img loading=\"lazy\" src=\"http:\/\/games.yonjuni.se\/wordpress\/wp-content\/uploads\/2013\/07\/scorebr\u00e4da.jpg\" alt=\"scorebr\u00e4da\" width=\"52\" height=\"15\" class=\"alignnone size-full wp-image-342\" \/><a href=\"http:\/\/games.yonjuni.se\/sv\/poangbrada\/\" title=\"Po\u00e4ngbr\u00e4da\">Po\u00e4ngbr\u00e4da<\/a><\/a><br \/>\n<a href=\"http:\/\/games.yonjuni.se\/wordpress\/wp-content\/uploads\/2013\/08\/DSC_9439.jpg\"><img loading=\"lazy\" src=\"http:\/\/games.yonjuni.se\/wordpress\/wp-content\/uploads\/2013\/08\/DSC_9439.jpg\" alt=\"Settlers 2\" width=\"52\" height=\"36\" class=\"alignnone size-full wp-image-595\" \/><a href=\"http:\/\/games.yonjuni.se\/settlers-kortspelet\/\/\" title=\"Settlers kortspelet\">Settlers kortspelet<\/a><\/a><br \/>\n<a href=\"http:\/\/games.yonjuni.se\/wordpress\/wp-content\/uploads\/2013\/07\/Johans-scoreboards.png\"><img loading=\"lazy\" src=\"http:\/\/games.yonjuni.se\/wordpress\/wp-content\/uploads\/2013\/07\/Johans-scoreboards.png\" alt=\"Johans scoreboards\" width=\"52\" height=\"35\" class=\"alignnone size-full wp-image-436\" \/><a href=\"http:\/\/games.yonjuni.se\/sv\/specialbestallningar\/\" title=\"Specialbest\u00e4llningar\">Specialbest\u00e4llningar<\/a><\/a><br \/>\n<a href=\"http:\/\/games.yonjuni.se\/wordpress\/wp-content\/uploads\/2013\/07\/dicetrayset-alm2.jpg\"><img loading=\"lazy\" src=\"http:\/\/games.yonjuni.se\/wordpress\/wp-content\/uploads\/2013\/07\/dicetrayset-alm2.jpg\" alt=\"dicetrayset alm2\" width=\"52\" height=\"39\" class=\"alignnone size-full wp-image-340\" \/><a href=\"http:\/\/games.yonjuni.se\/sv\/tarningsskalar\/\" title=\"T\u00e4rningssk\u00e5lar\">T\u00e4rningssk\u00e5lar<\/a><\/a>\n<\/div>\n","protected":false},"excerpt":{"rendered":"<p>Ut\u00f6ver att spela och designa spel s\u00e5 snickrar jag g\u00e4rna tillbeh\u00f6r till mina spel. Det b\u00f6rjade med ett behov, jag hade dyrk\u00f6pta deluxe-l\u00e5dor till ett par spel d\u00e4r spelet med alla expansioner inte fick plats (tex Carcassonne), d\u00e5 byggde jag en insats som var b\u00e4ttre och snyggare. Sen fick jag<a href=\"http:\/\/games.yonjuni.se\/sv\/snickeri\/\" class=\"read-more\">Read the Rest&#8230;<\/a><\/p>\n","protected":false},"author":1,"featured_media":0,"parent":0,"menu_order":0,"comment_status":"closed","ping_status":"open","template":"fullwidth.php","meta":[],"jetpack_shortlink":"https:\/\/wp.me\/P3MIRQ-3G","jetpack_sharing_enabled":false,"_links":{"self":[{"href":"http:\/\/games.yonjuni.se\/sv\/wp-json\/wp\/v2\/pages\/228"}],"collection":[{"href":"http:\/\/games.yonjuni.se\/sv\/wp-json\/wp\/v2\/pages"}],"about":[{"href":"http:\/\/games.yonjuni.se\/sv\/wp-json\/wp\/v2\/types\/page"}],"author":[{"embeddable":true,"href":"http:\/\/games.yonjuni.se\/sv\/wp-json\/wp\/v2\/users\/1"}],"replies":[{"embeddable":true,"href":"http:\/\/games.yonjuni.se\/sv\/wp-json\/wp\/v2\/comments?post=228"}],"version-history":[{"count":57,"href":"http:\/\/games.yonjuni.se\/sv\/wp-json\/wp\/v2\/pages\/228\/revisions"}],"predecessor-version":[{"id":1550,"href":"http:\/\/games.yonjuni.se\/sv\/wp-json\/wp\/v2\/pages\/228\/revisions\/1550"}],"wp:attachment":[{"href":"http:\/\/games.yonjuni.se\/sv\/wp-json\/wp\/v2\/media?parent=228"}],"curies":[{"name":"wp","href":"https:\/\/api.w.org\/{rel}","templated":true}]}}