 {"id":1529,"date":"2020-02-27T14:31:50","date_gmt":"2020-02-27T13:31:50","guid":{"rendered":"http:\/\/games.yonjuni.se\/?page_id=1529"},"modified":"2020-02-27T14:48:46","modified_gmt":"2020-02-27T13:48:46","slug":"champions-of-midgard","status":"publish","type":"page","link":"http:\/\/games.yonjuni.se\/sv\/snickeri\/champions-of-midgard\/","title":{"rendered":"Champions of Midgard"},"content":{"rendered":"<p>Det h\u00e4r \u00e4r tv\u00e5 l\u00e5dor till t\u00e4rningar och komponenter till spelet Champions of Midg\u00e5rd. De \u00e4r gjorda i l\u00e4mplig storlek att passa bredvid varandra i spell\u00e5dans botten. D\u00e4rf\u00f6r \u00e4r det ocks\u00e5 gjort en liten inbuktning i vardera l\u00e5da s\u00e5 man kan stoppa ned fingret och l\u00e4tt f\u00e5 upp l\u00e5dorna. Det \u00e4r tv\u00e5 l\u00e5dor s\u00e5 man f\u00e5r lite mer flexibilitet hur man vill placera dem p\u00e5 spelbordet. <\/p>\n<p>L\u00e5dorna \u00e4r som vanligt gjorda av eke. D\u00e4remot \u00e4r insidesv\u00e4ggarna gjorda av bj\u00f6rk. L\u00e5dorna \u00e4r vadderade med konstgjord mocka. <\/p>\n<p><img loading=\"lazy\" src=\"http:\/\/games.yonjuni.se\/wordpress\/wp-content\/uploads\/2020\/02\/IMG_0448.jpg\" alt=\"\" width=\"300\" height=\"225\" class=\"alignleft size-full wp-image-1537\" srcset=\"http:\/\/games.yonjuni.se\/wordpress\/wp-content\/uploads\/2020\/02\/IMG_0448.jpg 4032w, http:\/\/games.yonjuni.se\/wordpress\/wp-content\/uploads\/2020\/02\/IMG_0448-300x225.jpg 300w, http:\/\/games.yonjuni.se\/wordpress\/wp-content\/uploads\/2020\/02\/IMG_0448-768x576.jpg 768w, http:\/\/games.yonjuni.se\/wordpress\/wp-content\/uploads\/2020\/02\/IMG_0448-1024x768.jpg 1024w\" sizes=\"(max-width: 300px) 100vw, 300px\" \/><\/a>L\u00e5dorna med t\u00e4rningar och komponenter som de anv\u00e4nds i spelet. <\/p>\n<div style=\"clear: both;\">\n<img loading=\"lazy\" src=\"http:\/\/games.yonjuni.se\/wordpress\/wp-content\/uploads\/2020\/02\/IMG_0447.jpg\" alt=\"\" width=\"300\" height=\"225\" class=\"alignleft size-full wp-image-1536\" srcset=\"http:\/\/games.yonjuni.se\/wordpress\/wp-content\/uploads\/2020\/02\/IMG_0447.jpg 4032w, http:\/\/games.yonjuni.se\/wordpress\/wp-content\/uploads\/2020\/02\/IMG_0447-300x225.jpg 300w, http:\/\/games.yonjuni.se\/wordpress\/wp-content\/uploads\/2020\/02\/IMG_0447-768x576.jpg 768w, http:\/\/games.yonjuni.se\/wordpress\/wp-content\/uploads\/2020\/02\/IMG_0447-1024x768.jpg 1024w\" sizes=\"(max-width: 300px) 100vw, 300px\" \/><\/a>B\u00e5da l\u00e5dorna intill varandra passar precis i botten p\u00e5 spell\u00e5dan. <\/p>\n<div style=\"clear: both;\">\n<img loading=\"lazy\" src=\"http:\/\/games.yonjuni.se\/wordpress\/wp-content\/uploads\/2020\/02\/IMG_0394.jpg\" alt=\"\" width=\"300\" height=\"225\" class=\"alignleft size-full wp-image-1534\" srcset=\"http:\/\/games.yonjuni.se\/wordpress\/wp-content\/uploads\/2020\/02\/IMG_0394.jpg 4032w, http:\/\/games.yonjuni.se\/wordpress\/wp-content\/uploads\/2020\/02\/IMG_0394-300x225.jpg 300w, http:\/\/games.yonjuni.se\/wordpress\/wp-content\/uploads\/2020\/02\/IMG_0394-768x576.jpg 768w, http:\/\/games.yonjuni.se\/wordpress\/wp-content\/uploads\/2020\/02\/IMG_0394-1024x768.jpg 1024w\" sizes=\"(max-width: 300px) 100vw, 300px\" \/><\/a>H\u00e4r med locken.  <\/p>\n<div style=\"clear: both;\">\n<img loading=\"lazy\" src=\"http:\/\/games.yonjuni.se\/wordpress\/wp-content\/uploads\/2020\/02\/IMG_0454.jpg\" alt=\"\" width=\"300\" height=\"225\" class=\"alignleft size-full wp-image-1533\" srcset=\"http:\/\/games.yonjuni.se\/wordpress\/wp-content\/uploads\/2020\/02\/IMG_0454.jpg 4032w, http:\/\/games.yonjuni.se\/wordpress\/wp-content\/uploads\/2020\/02\/IMG_0454-300x225.jpg 300w, http:\/\/games.yonjuni.se\/wordpress\/wp-content\/uploads\/2020\/02\/IMG_0454-768x576.jpg 768w, http:\/\/games.yonjuni.se\/wordpress\/wp-content\/uploads\/2020\/02\/IMG_0454-1024x768.jpg 1024w\" sizes=\"(max-width: 300px) 100vw, 300px\" \/><\/a>L\u00e5dorna st\u00e4ngda.  <\/p>\n","protected":false},"excerpt":{"rendered":"<p>Det h\u00e4r \u00e4r tv\u00e5 l\u00e5dor till t\u00e4rningar och komponenter till spelet Champions of Midg\u00e5rd. De \u00e4r gjorda i l\u00e4mplig storlek att passa bredvid varandra i spell\u00e5dans botten. D\u00e4rf\u00f6r \u00e4r det ocks\u00e5 gjort en liten inbuktning i vardera l\u00e5da s\u00e5 man kan stoppa ned fingret och l\u00e4tt f\u00e5 upp l\u00e5dorna. Det<a href=\"http:\/\/games.yonjuni.se\/sv\/snickeri\/champions-of-midgard\/\" class=\"read-more\">Read the Rest&#8230;<\/a><\/p>\n","protected":false},"author":1,"featured_media":0,"parent":228,"menu_order":0,"comment_status":"closed","ping_status":"closed","template":"","meta":[],"jetpack_shortlink":"https:\/\/wp.me\/P3MIRQ-oF","jetpack_sharing_enabled":true,"_links":{"self":[{"href":"http:\/\/games.yonjuni.se\/sv\/wp-json\/wp\/v2\/pages\/1529"}],"collection":[{"href":"http:\/\/games.yonjuni.se\/sv\/wp-json\/wp\/v2\/pages"}],"about":[{"href":"http:\/\/games.yonjuni.se\/sv\/wp-json\/wp\/v2\/types\/page"}],"author":[{"embeddable":true,"href":"http:\/\/games.yonjuni.se\/sv\/wp-json\/wp\/v2\/users\/1"}],"replies":[{"embeddable":true,"href":"http:\/\/games.yonjuni.se\/sv\/wp-json\/wp\/v2\/comments?post=1529"}],"version-history":[{"count":5,"href":"http:\/\/games.yonjuni.se\/sv\/wp-json\/wp\/v2\/pages\/1529\/revisions"}],"predecessor-version":[{"id":1542,"href":"http:\/\/games.yonjuni.se\/sv\/wp-json\/wp\/v2\/pages\/1529\/revisions\/1542"}],"up":[{"embeddable":true,"href":"http:\/\/games.yonjuni.se\/sv\/wp-json\/wp\/v2\/pages\/228"}],"wp:attachment":[{"href":"http:\/\/games.yonjuni.se\/sv\/wp-json\/wp\/v2\/media?parent=1529"}],"curies":[{"name":"wp","href":"https:\/\/api.w.org\/{rel}","templated":true}]}}