 {"id":1501,"date":"2020-02-27T10:30:23","date_gmt":"2020-02-27T09:30:23","guid":{"rendered":"http:\/\/games.yonjuni.se\/?page_id=1501"},"modified":"2020-02-27T12:53:24","modified_gmt":"2020-02-27T11:53:24","slug":"box-for-keesdrow","status":"publish","type":"page","link":"http:\/\/games.yonjuni.se\/sv\/box-for-keesdrow\/","title":{"rendered":"L\u00e5da till Keesdrow"},"content":{"rendered":"<p>Fick uppdraget att bygga en l\u00e5da till ett ordspel till en 50-\u00e5rsdpresent.<br \/>\nSpelet, <a href=\"https:\/\/boardgamegeek.com\/boardgame\/20829\/keesdrow\">Keesdrow<\/a>, \u00e4r besl\u00e4ktat med alfapet. <\/p>\n<p>Jag har inte tillverkat brickorna, de h\u00f6r till spelet. L\u00e5dans top och botten \u00e4r lika h\u00f6ga s\u00e5 man kan l\u00e4gga dem bredvid varandra och anv\u00e4nda som spelplan att l\u00e4gga brickorna p\u00e5. L\u00e5dans storlek \u00e4r anpassad till detta. Tre sidor av l\u00e5ddelarna har en liten kant att h\u00e5lla brickorna p\u00e5 plats, och den fj\u00e4rde har magneter s\u00e5 l\u00e5ddelarna h\u00e5ller ihop n\u00e4r man spelar. <\/p>\n<p>Namnet \u00e4r graverat med en CNC-router och sen igenfyllt med n\u00e5tningsmassa, av samma typ man anv\u00e4nder mellan br\u00e4der p\u00e5 en b\u00e5t. <\/p>\n<div style=\"clear: both;\">\n<p><a href=\"http:\/\/games.yonjuni.se\/wordpress\/wp-content\/uploads\/2020\/02\/IMG_0890-1.jpg\"><img loading=\"lazy\" src=\"http:\/\/games.yonjuni.se\/wordpress\/wp-content\/uploads\/2020\/02\/IMG_0890-1.jpg\" alt=\"\" width=\"300\" height=\"195\" class=\"alignleft size-full wp-image-1506\" \/><\/a><br \/>\n<a href=\"http:\/\/games.yonjuni.se\/wordpress\/wp-content\/uploads\/2020\/02\/IMG_0893-1.jpg\"><img loading=\"lazy\" src=\"http:\/\/games.yonjuni.se\/wordpress\/wp-content\/uploads\/2020\/02\/IMG_0893-1.jpg\" alt=\"\" width=\"300\" height=\"195\" class=\"alignleft size-full wp-image-1505\" \/><\/a><br \/>\n<a href=\"http:\/\/games.yonjuni.se\/wordpress\/wp-content\/uploads\/2020\/02\/IMG_0888.jpg\"><img loading=\"lazy\" src=\"http:\/\/games.yonjuni.se\/wordpress\/wp-content\/uploads\/2020\/02\/IMG_0888.jpg\" alt=\"\" width=\"300\" height=\"195\" class=\"alignleft size-full wp-image-1503\" \/><\/a><br \/>\n<a href=\"http:\/\/games.yonjuni.se\/wordpress\/wp-content\/uploads\/2020\/02\/IMG_0887.jpg\"><img loading=\"lazy\" src=\"http:\/\/games.yonjuni.se\/wordpress\/wp-content\/uploads\/2020\/02\/IMG_0887.jpg\" alt=\"\" width=\"300\" height=\"195\" class=\"alignleft size-full wp-image-1504\" \/><\/a><\/p>\n","protected":false},"excerpt":{"rendered":"<p>Fick uppdraget att bygga en l\u00e5da till ett ordspel till en 50-\u00e5rsdpresent. Spelet, Keesdrow, \u00e4r besl\u00e4ktat med alfapet. Jag har inte tillverkat brickorna, de h\u00f6r till spelet. L\u00e5dans top och botten \u00e4r lika h\u00f6ga s\u00e5 man kan l\u00e4gga dem bredvid varandra och anv\u00e4nda som spelplan att l\u00e4gga brickorna p\u00e5. L\u00e5dans<a href=\"http:\/\/games.yonjuni.se\/sv\/box-for-keesdrow\/\" class=\"read-more\">Read the Rest&#8230;<\/a><\/p>\n","protected":false},"author":1,"featured_media":0,"parent":0,"menu_order":0,"comment_status":"closed","ping_status":"closed","template":"","meta":[],"jetpack_shortlink":"https:\/\/wp.me\/P3MIRQ-od","jetpack_sharing_enabled":true,"_links":{"self":[{"href":"http:\/\/games.yonjuni.se\/sv\/wp-json\/wp\/v2\/pages\/1501"}],"collection":[{"href":"http:\/\/games.yonjuni.se\/sv\/wp-json\/wp\/v2\/pages"}],"about":[{"href":"http:\/\/games.yonjuni.se\/sv\/wp-json\/wp\/v2\/types\/page"}],"author":[{"embeddable":true,"href":"http:\/\/games.yonjuni.se\/sv\/wp-json\/wp\/v2\/users\/1"}],"replies":[{"embeddable":true,"href":"http:\/\/games.yonjuni.se\/sv\/wp-json\/wp\/v2\/comments?post=1501"}],"version-history":[{"count":13,"href":"http:\/\/games.yonjuni.se\/sv\/wp-json\/wp\/v2\/pages\/1501\/revisions"}],"predecessor-version":[{"id":1528,"href":"http:\/\/games.yonjuni.se\/sv\/wp-json\/wp\/v2\/pages\/1501\/revisions\/1528"}],"wp:attachment":[{"href":"http:\/\/games.yonjuni.se\/sv\/wp-json\/wp\/v2\/media?parent=1501"}],"curies":[{"name":"wp","href":"https:\/\/api.w.org\/{rel}","templated":true}]}}