 {"id":1468,"date":"2019-04-20T14:48:38","date_gmt":"2019-04-20T12:48:38","guid":{"rendered":"http:\/\/games.yonjuni.se\/?page_id=1468"},"modified":"2022-08-11T17:52:49","modified_gmt":"2022-08-11T15:52:49","slug":"hairpins","status":"publish","type":"page","link":"http:\/\/games.yonjuni.se\/sv\/snickeri\/hairpins\/","title":{"rendered":"H\u00e5rn\u00e5lar"},"content":{"rendered":"<p>Jag har kompisar med l\u00e5ngt h\u00e5r som gillar att s\u00e4tta upp h\u00e5ret i en knut. D\u00e5 beh\u00f6ver man h\u00e5rn\u00e5lar att l\u00e5sa knuten med. De f\u00f6rsta jag gjorde var till en kompis som har en &#8221;fetish&#8221; f\u00f6r meeples i alla former, s\u00e5 \u00e5t henne blev det tv\u00e5benta h\u00e5rn\u00e5lar. Eftersom hennes favoritspelf\u00e4rg \u00e4r gr\u00f6nt s\u00e5 m\u00e5lade jag ett par av den gr\u00f6na. N\u00e4sta kompis samlar p\u00e5 elefanter s\u00e5 f\u00f6r henne var valet enkelt att g\u00f6ra h\u00e5rn\u00e5lar med elefanter.<br \/>\n<a href=\"http:\/\/games.yonjuni.se\/wordpress\/wp-content\/uploads\/2019\/04\/H\u00e5rpinnar.jpg\"><img loading=\"lazy\" src=\"http:\/\/games.yonjuni.se\/wordpress\/wp-content\/uploads\/2019\/04\/H\u00e5rpinnar.jpg\" alt=\"\" width=\"2448\" height=\"1592\" class=\"alignnone size-full wp-image-1469\" \/><\/a><\/p>\n<p>H\u00e4r \u00e4r flera varianter av h\u00e5rpinnar. Jag har exprimenterat med lite olika material; ene, bj\u00f6rk, aluminium och akrylplast. Det \u00e4r meningen att toppen ska se ut som ett bj\u00f6rkl\u00f6v, designat av best\u00e4llaren, men det var sv\u00e5rt i plast, plasten sm\u00e4lter n\u00e4r man s\u00e5gar och slipar med maskiner.<br \/>\n<\/a><br \/>\n<img loading=\"lazy\" src=\"http:\/\/games.yonjuni.se\/wordpress\/wp-content\/uploads\/2022\/08\/IMG_1438-225x300.jpg\" alt=\"\" width=\"200\" height=\"267\" class=\"alignleft size-full wp-image-1552 style=\"float: left;\" alt=\"juniperhairpin\" srcset=\"http:\/\/games.yonjuni.se\/wordpress\/wp-content\/uploads\/2022\/08\/IMG_1438-225x300.jpg 225w, http:\/\/games.yonjuni.se\/wordpress\/wp-content\/uploads\/2022\/08\/IMG_1438-768x1024.jpg 768w, http:\/\/games.yonjuni.se\/wordpress\/wp-content\/uploads\/2022\/08\/IMG_1438-1152x1536.jpg 1152w, http:\/\/games.yonjuni.se\/wordpress\/wp-content\/uploads\/2022\/08\/IMG_1438-1536x2048.jpg 1536w, http:\/\/games.yonjuni.se\/wordpress\/wp-content\/uploads\/2022\/08\/IMG_1438-300x400.jpg 300w, http:\/\/games.yonjuni.se\/wordpress\/wp-content\/uploads\/2022\/08\/IMG_1438-scaled.jpg 1920w\" sizes=\"(max-width: 200px) 100vw, 200px\" \/><img loading=\"lazy\" src=\"http:\/\/games.yonjuni.se\/wordpress\/wp-content\/uploads\/2022\/08\/IMG_1639-225x300.jpg\" alt=\"\" width=\"200\" height=\"267\" class=\"alignleft size-full  wp-image-1555 style=\"float: left;\" alt=\"birch and aluminium hairpins\" srcset=\"http:\/\/games.yonjuni.se\/wordpress\/wp-content\/uploads\/2022\/08\/IMG_1639-225x300.jpg 225w, http:\/\/games.yonjuni.se\/wordpress\/wp-content\/uploads\/2022\/08\/IMG_1639-768x1024.jpg 768w, http:\/\/games.yonjuni.se\/wordpress\/wp-content\/uploads\/2022\/08\/IMG_1639-1152x1536.jpg 1152w, http:\/\/games.yonjuni.se\/wordpress\/wp-content\/uploads\/2022\/08\/IMG_1639-1536x2048.jpg 1536w, http:\/\/games.yonjuni.se\/wordpress\/wp-content\/uploads\/2022\/08\/IMG_1639-300x400.jpg 300w, http:\/\/games.yonjuni.se\/wordpress\/wp-content\/uploads\/2022\/08\/IMG_1639-scaled.jpg 1920w\" sizes=\"(max-width: 200px) 100vw, 200px\" \/><img loading=\"lazy\" src=\"http:\/\/games.yonjuni.se\/wordpress\/wp-content\/uploads\/2022\/08\/IMG_1641-225x300.jpg\" alt=\"\" width=\"200\" height=\"267\" class=\"class=\"alignright size-full  wp-image-1553 style=\"float: left;\" alt=\"acryl hairpins\"\" srcset=\"http:\/\/games.yonjuni.se\/wordpress\/wp-content\/uploads\/2022\/08\/IMG_1641-225x300.jpg 225w, http:\/\/games.yonjuni.se\/wordpress\/wp-content\/uploads\/2022\/08\/IMG_1641-768x1024.jpg 768w, http:\/\/games.yonjuni.se\/wordpress\/wp-content\/uploads\/2022\/08\/IMG_1641-1152x1536.jpg 1152w, http:\/\/games.yonjuni.se\/wordpress\/wp-content\/uploads\/2022\/08\/IMG_1641-1536x2048.jpg 1536w, http:\/\/games.yonjuni.se\/wordpress\/wp-content\/uploads\/2022\/08\/IMG_1641-300x400.jpg 300w, http:\/\/games.yonjuni.se\/wordpress\/wp-content\/uploads\/2022\/08\/IMG_1641-scaled.jpg 1920w\" sizes=\"(max-width: 200px) 100vw, 200px\" \/><\/a><\/p>\n","protected":false},"excerpt":{"rendered":"<p>Jag har kompisar med l\u00e5ngt h\u00e5r som gillar att s\u00e4tta upp h\u00e5ret i en knut. D\u00e5 beh\u00f6ver man h\u00e5rn\u00e5lar att l\u00e5sa knuten med. De f\u00f6rsta jag gjorde var till en kompis som har en &#8221;fetish&#8221; f\u00f6r meeples i alla former, s\u00e5 \u00e5t henne blev det tv\u00e5benta h\u00e5rn\u00e5lar. Eftersom hennes favoritspelf\u00e4rg<a href=\"http:\/\/games.yonjuni.se\/sv\/snickeri\/hairpins\/\" class=\"read-more\">Read the Rest&#8230;<\/a><\/p>\n","protected":false},"author":1,"featured_media":0,"parent":228,"menu_order":0,"comment_status":"closed","ping_status":"closed","template":"","meta":[],"jetpack_shortlink":"https:\/\/wp.me\/P3MIRQ-nG","jetpack_sharing_enabled":true,"_links":{"self":[{"href":"http:\/\/games.yonjuni.se\/sv\/wp-json\/wp\/v2\/pages\/1468"}],"collection":[{"href":"http:\/\/games.yonjuni.se\/sv\/wp-json\/wp\/v2\/pages"}],"about":[{"href":"http:\/\/games.yonjuni.se\/sv\/wp-json\/wp\/v2\/types\/page"}],"author":[{"embeddable":true,"href":"http:\/\/games.yonjuni.se\/sv\/wp-json\/wp\/v2\/users\/1"}],"replies":[{"embeddable":true,"href":"http:\/\/games.yonjuni.se\/sv\/wp-json\/wp\/v2\/comments?post=1468"}],"version-history":[{"count":7,"href":"http:\/\/games.yonjuni.se\/sv\/wp-json\/wp\/v2\/pages\/1468\/revisions"}],"predecessor-version":[{"id":1558,"href":"http:\/\/games.yonjuni.se\/sv\/wp-json\/wp\/v2\/pages\/1468\/revisions\/1558"}],"up":[{"embeddable":true,"href":"http:\/\/games.yonjuni.se\/sv\/wp-json\/wp\/v2\/pages\/228"}],"wp:attachment":[{"href":"http:\/\/games.yonjuni.se\/sv\/wp-json\/wp\/v2\/media?parent=1468"}],"curies":[{"name":"wp","href":"https:\/\/api.w.org\/{rel}","templated":true}]}}