 {"id":1415,"date":"2016-11-05T17:18:58","date_gmt":"2016-11-05T16:18:58","guid":{"rendered":"http:\/\/games.yonjuni.se\/?page_id=1415"},"modified":"2016-11-05T17:47:21","modified_gmt":"2016-11-05T16:47:21","slug":"magnetic-dice-tower","status":"publish","type":"page","link":"http:\/\/games.yonjuni.se\/sv\/snickeri\/magnetic-dice-tower\/","title":{"rendered":"Magnetiskt t\u00e4rningstorn"},"content":{"rendered":"<p>En kompis till mig visade en websida d\u00e4r dom s\u00e5lde magnetiska t\u00e4rningstorn som gick att plocka is\u00e4r. Som vanligt best\u00e4mde jag mig f\u00f6r att ett s\u00e5dant kan jag g\u00f6ra sj\u00e4lv. Hittills har det bara blivit ett, som blev en f\u00f6delsedagspresent till honom p\u00e5 50\u00e5rsdagen. <\/p>\n<p>Tornet \u00e4r gjort i r\u00f6tad bj\u00f6rk. Insidan av tornet \u00e4r kl\u00e4tt med bl\u00e5 konstmocka, som jag brukar anv\u00e4nda.<\/p>\n<p><a href=\"http:\/\/games.yonjuni.se\/wordpress\/wp-content\/uploads\/2016\/11\/DSC_0573-e1478362684940.jpg\" rel=\"attachment wp-att-1353\"><img class=\"alignleft size-full wp-image-324\" style=\"float: left;\"src=\"http:\/\/games.yonjuni.se\/wordpress\/wp-content\/uploads\/2016\/11\/DSC_0573-e1478362684940.jpg\" alt=\"8-sidig-2009\" width=\"252\" height=\"169\" class=\"alignnone size-medium wp-image-1353\" \/><\/a>H\u00e4r \u00e4r tornet ihopsatt och f\u00e4rdigt att anv\u00e4ndas. <\/p>\n<div style=\"clear: both;\">\n<p><a href=\"http:\/\/games.yonjuni.se\/wordpress\/wp-content\/uploads\/2016\/11\/DSC_0578.jpg\" rel=\"attachment wp-att-1353\"><img class=\"alignleft size-full wp-image-324\" style=\"float: left;\"src=\"http:\/\/games.yonjuni.se\/wordpress\/wp-content\/uploads\/2016\/11\/DSC_0578.jpg\" alt=\"8-sidig-2009\" width=\"252\" height=\"169\" class=\"alignnone size-medium wp-image-1353\" \/><\/a>S\u00e5 h\u00e4r ser tornet ut n\u00e4r alla bitar \u00e4r is\u00e4rtagna. Du kan se alla sm\u00e5 magneter som h\u00e5ller ihop tornet n\u00e4r det \u00e4r ihopsatt. <\/p>\n<div style=\"clear: both;\">\n<p>En bild p\u00e5 alla delar nedpackade i sin egen l\u00e5da f\u00f6r f\u00f6rvaring eller transport kommer snart. <\/p>\n","protected":false},"excerpt":{"rendered":"<p>En kompis till mig visade en websida d\u00e4r dom s\u00e5lde magnetiska t\u00e4rningstorn som gick att plocka is\u00e4r. Som vanligt best\u00e4mde jag mig f\u00f6r att ett s\u00e5dant kan jag g\u00f6ra sj\u00e4lv. Hittills har det bara blivit ett, som blev en f\u00f6delsedagspresent till honom p\u00e5 50\u00e5rsdagen. Tornet \u00e4r gjort i r\u00f6tad bj\u00f6rk.<a href=\"http:\/\/games.yonjuni.se\/sv\/snickeri\/magnetic-dice-tower\/\" class=\"read-more\">Read the Rest&#8230;<\/a><\/p>\n","protected":false},"author":1,"featured_media":0,"parent":228,"menu_order":0,"comment_status":"closed","ping_status":"closed","template":"fullwidth.php","meta":[],"jetpack_shortlink":"https:\/\/wp.me\/P3MIRQ-mP","jetpack_sharing_enabled":true,"_links":{"self":[{"href":"http:\/\/games.yonjuni.se\/sv\/wp-json\/wp\/v2\/pages\/1415"}],"collection":[{"href":"http:\/\/games.yonjuni.se\/sv\/wp-json\/wp\/v2\/pages"}],"about":[{"href":"http:\/\/games.yonjuni.se\/sv\/wp-json\/wp\/v2\/types\/page"}],"author":[{"embeddable":true,"href":"http:\/\/games.yonjuni.se\/sv\/wp-json\/wp\/v2\/users\/1"}],"replies":[{"embeddable":true,"href":"http:\/\/games.yonjuni.se\/sv\/wp-json\/wp\/v2\/comments?post=1415"}],"version-history":[{"count":7,"href":"http:\/\/games.yonjuni.se\/sv\/wp-json\/wp\/v2\/pages\/1415\/revisions"}],"predecessor-version":[{"id":1425,"href":"http:\/\/games.yonjuni.se\/sv\/wp-json\/wp\/v2\/pages\/1415\/revisions\/1425"}],"up":[{"embeddable":true,"href":"http:\/\/games.yonjuni.se\/sv\/wp-json\/wp\/v2\/pages\/228"}],"wp:attachment":[{"href":"http:\/\/games.yonjuni.se\/sv\/wp-json\/wp\/v2\/media?parent=1415"}],"curies":[{"name":"wp","href":"https:\/\/api.w.org\/{rel}","templated":true}]}}