 {"id":91,"date":"2013-07-14T12:38:01","date_gmt":"2013-07-14T10:38:01","guid":{"rendered":"http:\/\/games.yonjuni.se\/?page_id=91"},"modified":"2020-02-14T13:20:08","modified_gmt":"2020-02-14T12:20:08","slug":"about","status":"publish","type":"page","link":"http:\/\/games.yonjuni.se\/de\/about\/","title":{"rendered":"Info"},"content":{"rendered":"<p><a href=\"http:\/\/games.yonjuni.se\/wordpress\/wp-content\/uploads\/2013\/07\/YonjuniLogga-liten.png\"><img loading=\"lazy\" class=\"alignleft size-full wp-image-389\" src=\"http:\/\/games.yonjuni.se\/wordpress\/wp-content\/uploads\/2013\/07\/YonjuniLogga-liten.png\" alt=\"YonjuniLogga-liten\" width=\"118\" height=\"118\" \/><\/a>yonjuni games ist ein Einmannunternehmen mit dem Ziel selbst entworfene Spiele herauszugeben. Der Spieleverlag ist nur ein Teil von Yonjuni Musik &amp; Data, meiner alles-in-einem Hobbyfirma. Wie aus dem Namen hervorgeht bin ich au\u00dferdem ein DJ und verkaufe Computer. Mit den Computern fing alles Mitte der 90er an, als mein Bruder, sein Freund und ich Heim-PCs zusammenschraubten und verkauften. Wir wurden recht schnell von den gro\u00dfen Internetanbietern aus dem Markt getrieben, und als mein Bruder und sein Freund absprangen habe ich den Namen Yonjuni \u00fcbernommen und ein Einmannunternehmen daraus gemacht. Sowohl der Computerverkauf als auch DJ mache Ich heutzutage im Prinzip nicht mehr.<\/p>\n<div style=\"clear: both;\">\n<p>Yonjuni ist Japanisch und bedeutet 42, das Japanische Zeichen daf\u00fcr ist Teil meines Logos. Mein Bruder und sein Freund waren gro\u00dfe Fans von Douglas Adams \u201ePer Anhalter durch die Galaxis\u201c, wo 42 die Antwort auf die Frage nach dem Sinn des Lebens, dem Universum und dem ganzen Rest ist. Warum es auf Japanisch sein musste wei\u00df ich nicht, vielleicht weil Japanische Schriftzeichen spannend aussehen. Ich habe den Namen behalten weil ich konservativ bin und nicht einen Namen \u00e4ndern wollte den ich schon seit 20 Jahren benutze. Au\u00dfer Spieledentwicklung mache ich auch Holzzubeh\u00f6r f\u00fcr Spiele, ein paar Bilder davon gibt es <a title=\"Holzbearbeitung\" href=\"http:\/\/games.yonjuni.se\/de\/holzbearbeitung\/\">hier<\/a>. <\/p>\n<div style=\"clear: both;\">\nBei Fragen, Ideen oder Anregungen <a href=\"mailto:\/\/info@yonjuni.se\" target=\"_blank\" rel=\"noopener noreferrer\">schreiben sie uns<\/a> (bitte auf Englisch).<\/div>\n<\/div>\n<div class=\"columncontainer\">\n<div class=\"column1\"><\/div>\n<div class=\"column2\"><a href=\"http:\/\/info.flagcounter.com\/9P8r\"><img class=\"alignnone size-full wp-image-340\" src=\"http:\/\/s09.flagcounter.com\/count\/9P8r\/bg_FFFFFF\/txt_000000\/border_CCCCCC\/columns_8\/maxflags_100\/viewers_0\/labels_1\/pageviews_1\/flags_1\/\" alt=\"Flag Counter\" \/><\/a><\/div>\n<\/div>\n","protected":false},"excerpt":{"rendered":"<p>yonjuni games ist ein Einmannunternehmen mit dem Ziel selbst entworfene Spiele herauszugeben. Der Spieleverlag ist nur ein Teil von Yonjuni Musik &amp; Data, meiner alles-in-einem Hobbyfirma. Wie aus dem Namen hervorgeht bin ich au\u00dferdem ein DJ und verkaufe Computer. Mit den Computern fing alles Mitte der 90er an, als mein<a href=\"http:\/\/games.yonjuni.se\/de\/about\/\" class=\"read-more\">Read the Rest&#8230;<\/a><\/p>\n","protected":false},"author":1,"featured_media":0,"parent":0,"menu_order":0,"comment_status":"closed","ping_status":"closed","template":"fullwidth.php","meta":[],"jetpack_shortlink":"https:\/\/wp.me\/P3MIRQ-1t","jetpack_sharing_enabled":false,"_links":{"self":[{"href":"http:\/\/games.yonjuni.se\/de\/wp-json\/wp\/v2\/pages\/91"}],"collection":[{"href":"http:\/\/games.yonjuni.se\/de\/wp-json\/wp\/v2\/pages"}],"about":[{"href":"http:\/\/games.yonjuni.se\/de\/wp-json\/wp\/v2\/types\/page"}],"author":[{"embeddable":true,"href":"http:\/\/games.yonjuni.se\/de\/wp-json\/wp\/v2\/users\/1"}],"replies":[{"embeddable":true,"href":"http:\/\/games.yonjuni.se\/de\/wp-json\/wp\/v2\/comments?post=91"}],"version-history":[{"count":125,"href":"http:\/\/games.yonjuni.se\/de\/wp-json\/wp\/v2\/pages\/91\/revisions"}],"predecessor-version":[{"id":1499,"href":"http:\/\/games.yonjuni.se\/de\/wp-json\/wp\/v2\/pages\/91\/revisions\/1499"}],"wp:attachment":[{"href":"http:\/\/games.yonjuni.se\/de\/wp-json\/wp\/v2\/media?parent=91"}],"curies":[{"name":"wp","href":"https:\/\/api.w.org\/{rel}","templated":true}]}}