 {"id":82,"date":"2013-07-14T11:40:53","date_gmt":"2013-07-14T11:40:53","guid":{"rendered":"http:\/\/games.yonjuni.se\/?page_id=82"},"modified":"2022-08-14T15:27:13","modified_gmt":"2022-08-14T13:27:13","slug":"dubbelyatzy","status":"publish","type":"page","link":"http:\/\/games.yonjuni.se\/de\/dubbelyatzy\/","title":{"rendered":"DoppelYatzy"},"content":{"rendered":"<p><a href=\"http:\/\/games.yonjuni.se\/wordpress\/wp-content\/uploads\/2013\/07\/Dubbelyatzy-front.png\"><img loading=\"lazy\" src=\"http:\/\/games.yonjuni.se\/wordpress\/wp-content\/uploads\/2013\/07\/Dubbelyatzy-front.png\" alt=\"DubbelYatzy\" width=\"252\" height=\"175\" class=\"alignleft size-full wp-image-493\" \/><\/a><\/p>\n<p>Doppel Yatzy basiert auf dem klassischen Spiel Kniffel\u2122. Der entscheidende Unterschied ist, dass statt gew\u00f6hnlichen sechsseitigen W\u00fcrfeln spezielle Doppelw\u00fcrfel benutzt werden, bei denen ein kleinerer W\u00fcrfel in einem gr\u00f6\u00dferen, transparenten enthalten ist. Spielziel ist es Kniffel\u2122-Kombinationen mit jeweils den inneren und den \u00e4u\u00dferen W\u00fcrfeln zu erzielen. Es werden sechs Doppelw\u00fcrfel geworfen aber nur f\u00fcnf abgerechnet. Daher werden in jedem Spielzug jeweils zwei Resultate im Wertungsblatt eingetragen.<\/p>\n<div style=\"clear: both;\">\n<p>Doppelyatzy auf  <a href=\"http:\/\/boardgamegeek.com\/boardgame\/146227\/dubbelyatzy\" title=\"DubbelYatzy p\u00e5 BGG.\" target=\"_blank\" rel=\"noopener noreferrer\">Boardgamegeek.com<\/a>.<\/p>\n<div style=\"clear: both;\"><a href=\"http:\/\/games.yonjuni.se\/wordpress\/wp-content\/uploads\/2013\/09\/regler-ger.pdf\"><img loading=\"lazy\" class=\"alignnone wp-smiley\" alt=\"tysk-02\" src=\"http:\/\/games.yonjuni.se\/wordpress\/wp-content\/uploads\/2013\/07\/tyskland-02.png\" width=\"30\" height=\"30\" \/>Deutsche regeln.<\/a> \u00dcbersetzt von Michaela Ryd\u00e9n und Ludwig Seitz. <a href=\"http:\/\/games.yonjuni.se\/wordpress\/wp-content\/uploads\/2013\/08\/Scorepad-Tysk.pdf\">Blatt zum notieren der Punkte.<\/a><\/div>\n<div style=\"clear: both;\"><a href=\"http:\/\/games.yonjuni.se\/wordpress\/wp-content\/uploads\/2013\/09\/regler-eng.pdf\"><img loading=\"lazy\" class=\"alignnone  wp-smiley\" alt=\"engelsk-02\" src=\"http:\/\/games.yonjuni.se\/wordpress\/wp-content\/uploads\/2013\/07\/engelsk-02.png\" width=\"30\" height=\"30\" \/>English rules.<\/a> Translated by Per Landberger and Ken Mack.<a href=\"http:\/\/games.yonjuni.se\/wordpress\/wp-content\/uploads\/2013\/08\/Scorepad-Eng.pdf\"> Scoreformulier.<\/a><\/div>\n<div style=\"clear: both;\"><a href=\"http:\/\/games.yonjuni.se\/wordpress\/wp-content\/uploads\/2013\/10\/regler-fra.pdf\"><img loading=\"lazy\" class=\"alignnone  wp-smiley\" alt=\"fransk-02\" src=\"http:\/\/games.yonjuni.se\/wordpress\/wp-content\/uploads\/2013\/09\/fransk-02.png\" width=\"30\" height=\"30\" \/>R\u00e8gles Fran\u00e7aises. <\/a> Traduites par St\u00e9phane Athimon et Natacha Athimon-Constant.<a href=\"http:\/\/games.yonjuni.se\/wordpress\/wp-content\/uploads\/2013\/10\/Scorepad-Fra.pdf\"> Feuille de score.<\/a><\/div>\n<div style=\"clear: both;\"><a href=\"http:\/\/games.yonjuni.se\/wordpress\/wp-content\/uploads\/2013\/09\/regler-hol.pdf\"><img loading=\"lazy\" class=\"alignnone  wp-smiley\" alt=\"hollandsk-02\" src=\"http:\/\/games.yonjuni.se\/wordpress\/wp-content\/uploads\/2013\/09\/hollandsk-02.png\" width=\"30\" height=\"30\" \/>Nederlandse vertaling<\/a> door Alwin Derijck en Roger Wolf.<a href=\"http:\/\/games.yonjuni.se\/wordpress\/wp-content\/uploads\/2013\/09\/Scorepad-Hol.pdf\"> Scoreformulier.<\/a><\/div>\n<div style=\"clear: both;\"><a href=\"http:\/\/games.yonjuni.se\/wordpress\/wp-content\/uploads\/2013\/10\/regler-jap.pdf\"><img loading=\"lazy\" class=\"alignnone  wp-smiley\" alt=\"japansk-02\" src=\"http:\/\/games.yonjuni.se\/wordpress\/wp-content\/uploads\/2013\/09\/japansk-02.png\" width=\"30\" height=\"30\" \/>\u65e5\u672c\u8a9e\u7248\u30eb\u30fc\u30eb<\/a> \u7ffb\u8a33\uff1a\u3051\u3093\u3051\u3093<a href=\"http:\/\/games.yonjuni.se\/wordpress\/wp-content\/uploads\/2013\/10\/Scorepad-Jp.pdf\"> \u5f97\u70b9\u8868<\/a><\/div>\n<div style=\"clear: both;\"><a href=\"http:\/\/games.yonjuni.se\/wordpress\/wp-content\/uploads\/2013\/08\/Regler-Rysk.pdf\"><img loading=\"lazy\" class=\"alignnone  wp-smiley\" alt=\"rysk-02\" src=\"http:\/\/games.yonjuni.se\/wordpress\/wp-content\/uploads\/2013\/08\/rysk-02.png\" width=\"30\" height=\"30\" \/><\/a><a href=\"http:\/\/games.yonjuni.se\/wordpress\/wp-content\/uploads\/2013\/08\/Regler-Rysk.pdf\">\u041f\u0440\u0430\u0432\u0438\u043b\u0430 \u043f\u043e-\u0440\u0443\u0441\u0441\u043a\u0438.<\/a> \u041f\u0435\u0440\u0435\u0432\u043e\u0434 \u0428\u0430\u043f\u043e\u0432\u0430\u043b\u043e\u0432\u043e\u0439 \u0412\u0430\u043b\u0435\u043d\u0442\u0438\u043d\u044b.<a href=\"http:\/\/games.yonjuni.se\/wordpress\/wp-content\/uploads\/2013\/08\/Scorepad-Rysk.pdf\"> \u0421\u0447\u0435\u0442\u043d\u0430\u044f \u0442\u0430\u0431\u043b\u0438\u0446\u0430.<\/a><\/div>\n<div style=\"clear: both;\"><a href=\"http:\/\/games.yonjuni.se\/wordpress\/wp-content\/uploads\/2013\/09\/regler-swe.pdf\"><img loading=\"lazy\" class=\"alignnone  wp-smiley\" alt=\"sverige-02\" src=\"http:\/\/games.yonjuni.se\/wordpress\/wp-content\/uploads\/2013\/07\/sverige-02.png\" width=\"30\" height=\"30\" \/><\/a><a href=\"http:\/\/games.yonjuni.se\/wordpress\/wp-content\/uploads\/2013\/09\/regler-swe.pdf\">Svenska Regler<\/a> av Per Landberger.<a href=\"http:\/\/games.yonjuni.se\/wordpress\/wp-content\/uploads\/2013\/08\/Scorepad-Sv.pdf\"> Po\u00e4ngblad.<\/a><\/div>\n<\/div>\n<div style=\"clear: both; float:right; font-size:50%;\">Kniffel ist ein Warenzeichen der Schmidt Spiele GmbH.\n<\/div>\n","protected":false},"excerpt":{"rendered":"<p>Doppel Yatzy basiert auf dem klassischen Spiel Kniffel\u2122. Der entscheidende Unterschied ist, dass statt gew\u00f6hnlichen sechsseitigen W\u00fcrfeln spezielle Doppelw\u00fcrfel benutzt werden, bei denen ein kleinerer W\u00fcrfel in einem gr\u00f6\u00dferen, transparenten enthalten ist. Spielziel ist es Kniffel\u2122-Kombinationen mit jeweils den inneren und den \u00e4u\u00dferen W\u00fcrfeln zu erzielen. Es werden sechs Doppelw\u00fcrfel<a href=\"http:\/\/games.yonjuni.se\/de\/dubbelyatzy\/\" class=\"read-more\">Read the Rest&#8230;<\/a><\/p>\n","protected":false},"author":1,"featured_media":0,"parent":986,"menu_order":0,"comment_status":"closed","ping_status":"closed","template":"fullwidth.php","meta":[],"jetpack_shortlink":"https:\/\/wp.me\/P3MIRQ-1k","jetpack_sharing_enabled":false,"_links":{"self":[{"href":"http:\/\/games.yonjuni.se\/de\/wp-json\/wp\/v2\/pages\/82"}],"collection":[{"href":"http:\/\/games.yonjuni.se\/de\/wp-json\/wp\/v2\/pages"}],"about":[{"href":"http:\/\/games.yonjuni.se\/de\/wp-json\/wp\/v2\/types\/page"}],"author":[{"embeddable":true,"href":"http:\/\/games.yonjuni.se\/de\/wp-json\/wp\/v2\/users\/1"}],"replies":[{"embeddable":true,"href":"http:\/\/games.yonjuni.se\/de\/wp-json\/wp\/v2\/comments?post=82"}],"version-history":[{"count":240,"href":"http:\/\/games.yonjuni.se\/de\/wp-json\/wp\/v2\/pages\/82\/revisions"}],"predecessor-version":[{"id":87,"href":"http:\/\/games.yonjuni.se\/de\/wp-json\/wp\/v2\/pages\/82\/revisions\/87"}],"up":[{"embeddable":true,"href":"http:\/\/games.yonjuni.se\/de\/wp-json\/wp\/v2\/pages\/986"}],"wp:attachment":[{"href":"http:\/\/games.yonjuni.se\/de\/wp-json\/wp\/v2\/media?parent=82"}],"curies":[{"name":"wp","href":"https:\/\/api.w.org\/{rel}","templated":true}]}}